{"id":2817,"date":"2024-03-23T16:24:17","date_gmt":"2024-03-23T19:24:17","guid":{"rendered":"https:\/\/www.spaoneandonly.cl\/productos\/?post_type=product&#038;p=2817"},"modified":"2026-04-13T12:54:21","modified_gmt":"2026-04-13T16:54:21","slug":"aceite-esencial-tea-tree","status":"publish","type":"product","link":"https:\/\/www.spaoneandonly.cl\/productos\/item\/aceite-esencial-tea-tree\/","title":{"rendered":"Aceite Esencial Tea Tree"},"content":{"rendered":"<p>El aceite esencial de \u00c1rbol de t\u00e9 tiene m\u00e1s de 90 compuestos diferentes y aplicaciones ilimitadas. Las hojas del \u00e1rbol del t\u00e9 han sido utilizadas por los pueblos abor\u00edgenes de Australia durante siglos. Aplicaban hojas trituradas directamente sobre la piel para un efecto refrescante.<\/p>\n<p>Se puede usar para limpiar la piel y las u\u00f1as y para mantener una tez de aspecto saludable. El aceite de \u00c1rbol de t\u00e9 se usa para calmar la piel en casos de irritaciones ocasionales.<\/p>\n<p>USOS<\/p>\n<p>Para irritaciones ocasionales de la piel, aplica 1 o 2 gotas de aceite esencial de \u00c1rbol de t\u00e9 en el \u00e1rea afectada.<br \/>\nCombina 1 o 2 gotas con tu limpiador facial para obtener propiedades limpiadoras adicionales, o apl\u00edcalo sobre la piel despu\u00e9s del afeitarte.<br \/>\nApl\u00edcalo en las u\u00f1as de las manos y los pies despu\u00e9s de la ducha.<br \/>\nDif\u00fandelo por toda la casa para obtener un aroma herb\u00e1ceo y fresco.<br \/>\nPrecauciones<\/p>\n<p>No ingerir. Lee las Instrucciones de uso y las Precauciones en la etiqueta del producto.<\/p>\n<p>*Principales beneficios<\/p>\n<p>Reconocido por su efecto limpiador sobre la piel.<br \/>\nCalmante para la piel irritada.<br \/>\nDescripci\u00f3n arom\u00e1tica<\/p>\n<p>Herb\u00e1ceo, verde, cori\u00e1ceo.<br \/>\nM\u00e9todo de obtenci\u00f3n<\/p>\n<p>Destilaci\u00f3n por arrastre de vapor.<br \/>\nParte de la planta<\/p>\n<p>Hoja.<\/p>\n","protected":false},"excerpt":{"rendered":"<p>Aceite Esencial Tea Tree &#8211; 15 ml.<\/p>\n","protected":false},"featured_media":2919,"comment_status":"open","ping_status":"closed","template":"","meta":[],"product_cat":[145,143,156,186,189,185],"product_tag":[],"class_list":{"0":"post-2817","1":"product","2":"type-product","3":"status-publish","4":"has-post-thumbnail","6":"product_cat-aceites-y-cremas","7":"product_cat-cuidado-cuerpo","8":"product_cat-spa-en-casa","9":"product_cat-aceites-esenciales","10":"product_cat-do-terra","11":"product_cat-marcas","13":"first","14":"outofstock","15":"shipping-taxable","16":"purchasable","17":"product-type-simple"},"_links":{"self":[{"href":"https:\/\/www.spaoneandonly.cl\/productos\/wp-json\/wp\/v2\/product\/2817","targetHints":{"allow":["GET"]}}],"collection":[{"href":"https:\/\/www.spaoneandonly.cl\/productos\/wp-json\/wp\/v2\/product"}],"about":[{"href":"https:\/\/www.spaoneandonly.cl\/productos\/wp-json\/wp\/v2\/types\/product"}],"replies":[{"embeddable":true,"href":"https:\/\/www.spaoneandonly.cl\/productos\/wp-json\/wp\/v2\/comments?post=2817"}],"wp:featuredmedia":[{"embeddable":true,"href":"https:\/\/www.spaoneandonly.cl\/productos\/wp-json\/wp\/v2\/media\/2919"}],"wp:attachment":[{"href":"https:\/\/www.spaoneandonly.cl\/productos\/wp-json\/wp\/v2\/media?parent=2817"}],"wp:term":[{"taxonomy":"product_cat","embeddable":true,"href":"https:\/\/www.spaoneandonly.cl\/productos\/wp-json\/wp\/v2\/product_cat?post=2817"},{"taxonomy":"product_tag","embeddable":true,"href":"https:\/\/www.spaoneandonly.cl\/productos\/wp-json\/wp\/v2\/product_tag?post=2817"}],"curies":[{"name":"wp","href":"https:\/\/api.w.org\/{rel}","templated":true}]}}