{"id":2815,"date":"2024-03-23T16:23:51","date_gmt":"2024-03-23T19:23:51","guid":{"rendered":"https:\/\/www.spaoneandonly.cl\/productos\/?post_type=product&#038;p=2815"},"modified":"2026-04-29T09:52:16","modified_gmt":"2026-04-29T13:52:16","slug":"deep-blue-stick","status":"publish","type":"product","link":"https:\/\/www.spaoneandonly.cl\/productos\/item\/deep-blue-stick\/","title":{"rendered":"Deep Blue Stick"},"content":{"rendered":"<p>Formulado con mentol de origen vegetal, salicilato de metilo y alcanfor, este producto f\u00e1cil de usar crea una sensaci\u00f3n profunda y refrescante. Un complemento indispensable para tu mueble de ba\u00f1o o bolsa de gimnasia, proporciona emolientes humectantes que dejan tu piel con una sensaci\u00f3n suave y no grasosa. La Barra Deep Blue de secado r\u00e1pido es calmante, conveniente y efectivo para usar antes, durante y despu\u00e9s de los entrenamientos, brindando un alivio temporal para dolores menores y dolores musculares y articulares asociados con dolor de espalda simple, artritis, esguinces, distensiones y contusiones.<\/p>\n<p>Beneficios Primarios<\/p>\n<p>Combina la Mezcla Calmante Deep Blue, Copaiba y otros ingredientes naturales.<br \/>\nProporciona la m\u00e1xima potencia de mentol a base de plantas de venta libre.<br \/>\nBrinda alivio temporal a dolores menores y dolores musculares y articulares asociados con dolor de espalda simple, artritis, esguinces, distensiones y hematomas.<br \/>\nIncluye emolientes humectantes que dejan tu piel suave y no grasosa.<\/p>\n<p>Usos<\/p>\n<p>Apl\u00edcalo directamente en las zonas afectadas. Para un tratamiento m\u00e1s intensivo, aplica la Mezcla Calmante Deep Blue antes de masajear con la Barra Deep Blue. Consulte la etiqueta para conocer los ingredientes, las advertencias y las instrucciones.<\/p>\n<p>Precauciones<\/p>\n<p>S\u00f3lo para uso externo. Posible sensibilidad de la piel. Evita el contacto con los ojos o en las membranas mucosas.<\/p>\n","protected":false},"excerpt":{"rendered":"<p>Deep Blue Stick &#8211; 48 gr.<\/p>\n<p>La Barra Deep Blue proporciona un alivio temporal de dolores y molestias menores. <\/p>\n","protected":false},"featured_media":2948,"comment_status":"open","ping_status":"closed","template":"","meta":[],"product_cat":[145,161,143,156,189,185],"product_tag":[],"class_list":{"0":"post-2815","1":"product","2":"type-product","3":"status-publish","4":"has-post-thumbnail","6":"product_cat-aceites-y-cremas","7":"product_cat-aceites-y-cremas-spa-en-casa","8":"product_cat-cuidado-cuerpo","9":"product_cat-spa-en-casa","10":"product_cat-do-terra","11":"product_cat-marcas","13":"first","14":"outofstock","15":"shipping-taxable","16":"purchasable","17":"product-type-simple"},"_links":{"self":[{"href":"https:\/\/www.spaoneandonly.cl\/productos\/wp-json\/wp\/v2\/product\/2815","targetHints":{"allow":["GET"]}}],"collection":[{"href":"https:\/\/www.spaoneandonly.cl\/productos\/wp-json\/wp\/v2\/product"}],"about":[{"href":"https:\/\/www.spaoneandonly.cl\/productos\/wp-json\/wp\/v2\/types\/product"}],"replies":[{"embeddable":true,"href":"https:\/\/www.spaoneandonly.cl\/productos\/wp-json\/wp\/v2\/comments?post=2815"}],"wp:featuredmedia":[{"embeddable":true,"href":"https:\/\/www.spaoneandonly.cl\/productos\/wp-json\/wp\/v2\/media\/2948"}],"wp:attachment":[{"href":"https:\/\/www.spaoneandonly.cl\/productos\/wp-json\/wp\/v2\/media?parent=2815"}],"wp:term":[{"taxonomy":"product_cat","embeddable":true,"href":"https:\/\/www.spaoneandonly.cl\/productos\/wp-json\/wp\/v2\/product_cat?post=2815"},{"taxonomy":"product_tag","embeddable":true,"href":"https:\/\/www.spaoneandonly.cl\/productos\/wp-json\/wp\/v2\/product_tag?post=2815"}],"curies":[{"name":"wp","href":"https:\/\/api.w.org\/{rel}","templated":true}]}}