{"id":2814,"date":"2024-03-23T16:09:37","date_gmt":"2024-03-23T19:09:37","guid":{"rendered":"https:\/\/www.spaoneandonly.cl\/productos\/?post_type=product&#038;p=2814"},"modified":"2026-01-07T13:48:13","modified_gmt":"2026-01-07T16:48:13","slug":"aceite-esencial-lavanda","status":"publish","type":"product","link":"https:\/\/www.spaoneandonly.cl\/productos\/item\/aceite-esencial-lavanda\/","title":{"rendered":"Aceite Esencial Lavanda"},"content":{"rendered":"<p>La lavanda se ha utilizado y apreciado durante siglos por su aroma inconfundible y sus innumerables beneficios. En la antig\u00fcedad, los egipcios y los romanos usaban la lavanda para ba\u00f1arse, cocinar y como perfume.<\/p>\n<p>Sus cualidades calmantes contin\u00faan siendo los atributos m\u00e1s notables de la lavanda. Aplicado t\u00f3picamente, el aceite de Lavanda se usa con frecuencia para reducir la apariencia de las imperfecciones de la piel.<\/p>\n<p>Debido a sus propiedades vers\u00e1tiles, el aceite de Lavanda, se considera imprescindible para tener a mano en todo momento.<\/p>\n<p>USOS<\/p>\n<p>Apl\u00edcate unas gotas de aceite de Lavanda en las plantas de los pies antes de acostarte.<br \/>\nTen a mano una botella de aceite de Lavanda para calmar las irritaciones ocasionales de la piel.<br \/>\nDifunde Lavanda a la hora de acostarte.<br \/>\nPrecauciones<\/p>\n<p>No ingerir. Lee las Instrucciones de uso y las Precauciones en la etiqueta del producto.<\/p>\n<p>*Principales beneficios<\/p>\n<p>Alivia las irritaciones ocasionales de la piel.<br \/>\nProduce un aroma floral cuando se aplica t\u00f3picamente.<br \/>\nDescripci\u00f3n arom\u00e1tica<\/p>\n<p>Empolvado, floral, ligero.<br \/>\nM\u00e9todo de obtenci\u00f3n<\/p>\n<p>Destilaci\u00f3n por arrastre de vapor.<br \/>\nParte de la planta<\/p>\n<p>Cimas florecientes.<\/p>\n","protected":false},"excerpt":{"rendered":"<p>Aceite Esencial Lavanda &#8211; 15 ml. <\/p>\n","protected":false},"featured_media":2944,"comment_status":"open","ping_status":"closed","template":"","meta":[],"product_cat":[145,143,156,186,189,185],"product_tag":[],"class_list":{"0":"post-2814","1":"product","2":"type-product","3":"status-publish","4":"has-post-thumbnail","6":"product_cat-aceites-y-cremas","7":"product_cat-cuidado-cuerpo","8":"product_cat-spa-en-casa","9":"product_cat-aceites-esenciales","10":"product_cat-do-terra","11":"product_cat-marcas","13":"first","14":"outofstock","15":"sale","16":"shipping-taxable","17":"purchasable","18":"product-type-simple"},"_links":{"self":[{"href":"https:\/\/www.spaoneandonly.cl\/productos\/wp-json\/wp\/v2\/product\/2814","targetHints":{"allow":["GET"]}}],"collection":[{"href":"https:\/\/www.spaoneandonly.cl\/productos\/wp-json\/wp\/v2\/product"}],"about":[{"href":"https:\/\/www.spaoneandonly.cl\/productos\/wp-json\/wp\/v2\/types\/product"}],"replies":[{"embeddable":true,"href":"https:\/\/www.spaoneandonly.cl\/productos\/wp-json\/wp\/v2\/comments?post=2814"}],"wp:featuredmedia":[{"embeddable":true,"href":"https:\/\/www.spaoneandonly.cl\/productos\/wp-json\/wp\/v2\/media\/2944"}],"wp:attachment":[{"href":"https:\/\/www.spaoneandonly.cl\/productos\/wp-json\/wp\/v2\/media?parent=2814"}],"wp:term":[{"taxonomy":"product_cat","embeddable":true,"href":"https:\/\/www.spaoneandonly.cl\/productos\/wp-json\/wp\/v2\/product_cat?post=2814"},{"taxonomy":"product_tag","embeddable":true,"href":"https:\/\/www.spaoneandonly.cl\/productos\/wp-json\/wp\/v2\/product_tag?post=2814"}],"curies":[{"name":"wp","href":"https:\/\/api.w.org\/{rel}","templated":true}]}}