{"id":2811,"date":"2024-03-23T16:09:12","date_gmt":"2024-03-23T19:09:12","guid":{"rendered":"https:\/\/www.spaoneandonly.cl\/productos\/?post_type=product&#038;p=2811"},"modified":"2026-04-23T13:25:38","modified_gmt":"2026-04-23T17:25:38","slug":"aceite-esencial-eucalipto","status":"publish","type":"product","link":"https:\/\/www.spaoneandonly.cl\/productos\/item\/aceite-esencial-eucalipto\/","title":{"rendered":"Aceite Esencial Eucalipto"},"content":{"rendered":"<p>Los \u00e1rboles de eucalipto son \u00e1rboles altos de hoja perenne que crecen hasta m\u00e1s de 15 m de altura y, a veces, se les conoce como \u00e1rboles de goma. El eucalipto tiene propiedades que pueden ser beneficiosas para la piel.<\/p>\n<p>USOS<\/p>\n<p>Agrega una gota al humectante y apl\u00edcalo sobre la piel para obtener beneficios revitalizantes.<br \/>\n\u00c9chate unas gotas en las manos mientras te duchas y disfruta del aroma aireado.<br \/>\nUsa aceite de Eucalipto en tus pr\u00e1cticas de masaje para crear una experiencia relajante. El aceite de Eucalipto se puede combinar f\u00e1cilmente con una crema o loci\u00f3n de tu elecci\u00f3n para ayudar a difundir los efectos del aceite.<br \/>\nDif\u00fandelo mientras te relajas.<br \/>\nPrecauciones<\/p>\n<p>No ingerir. Lee las Instrucciones de uso y las Precauciones en la etiqueta del producto.<\/p>\n<p>*Principales beneficios<\/p>\n<p>Aroma calmante.<br \/>\nCalmante para la piel.<br \/>\nDif\u00fandelo mientras te relajas.<br \/>\nDescripci\u00f3n arom\u00e1tica<\/p>\n<p>Alcanforado, aireado.<br \/>\nM\u00e9todo de obtenci\u00f3n<\/p>\n<p>Destilaci\u00f3n por arrastre de vapor.<br \/>\nParte de la planta<\/p>\n<p>Hoja\/tallo.<\/p>\n","protected":false},"excerpt":{"rendered":"<p>Aceite Esencial Eucalyptus &#8211; 15 ml. <\/p>\n","protected":false},"featured_media":2996,"comment_status":"open","ping_status":"closed","template":"","meta":[],"product_cat":[145,143,156,186,189,185],"product_tag":[],"class_list":{"0":"post-2811","1":"product","2":"type-product","3":"status-publish","4":"has-post-thumbnail","6":"product_cat-aceites-y-cremas","7":"product_cat-cuidado-cuerpo","8":"product_cat-spa-en-casa","9":"product_cat-aceites-esenciales","10":"product_cat-do-terra","11":"product_cat-marcas","13":"first","14":"outofstock","15":"shipping-taxable","16":"purchasable","17":"product-type-simple"},"_links":{"self":[{"href":"https:\/\/www.spaoneandonly.cl\/productos\/wp-json\/wp\/v2\/product\/2811","targetHints":{"allow":["GET"]}}],"collection":[{"href":"https:\/\/www.spaoneandonly.cl\/productos\/wp-json\/wp\/v2\/product"}],"about":[{"href":"https:\/\/www.spaoneandonly.cl\/productos\/wp-json\/wp\/v2\/types\/product"}],"replies":[{"embeddable":true,"href":"https:\/\/www.spaoneandonly.cl\/productos\/wp-json\/wp\/v2\/comments?post=2811"}],"wp:featuredmedia":[{"embeddable":true,"href":"https:\/\/www.spaoneandonly.cl\/productos\/wp-json\/wp\/v2\/media\/2996"}],"wp:attachment":[{"href":"https:\/\/www.spaoneandonly.cl\/productos\/wp-json\/wp\/v2\/media?parent=2811"}],"wp:term":[{"taxonomy":"product_cat","embeddable":true,"href":"https:\/\/www.spaoneandonly.cl\/productos\/wp-json\/wp\/v2\/product_cat?post=2811"},{"taxonomy":"product_tag","embeddable":true,"href":"https:\/\/www.spaoneandonly.cl\/productos\/wp-json\/wp\/v2\/product_tag?post=2811"}],"curies":[{"name":"wp","href":"https:\/\/api.w.org\/{rel}","templated":true}]}}