{"id":2810,"date":"2024-03-20T22:07:38","date_gmt":"2024-03-21T01:07:38","guid":{"rendered":"https:\/\/www.spaoneandonly.cl\/productos\/?post_type=product&#038;p=2810"},"modified":"2025-09-22T18:58:40","modified_gmt":"2025-09-22T21:58:40","slug":"sahumador-triangular","status":"publish","type":"product","link":"https:\/\/www.spaoneandonly.cl\/productos\/item\/sahumador-triangular\/","title":{"rendered":"Sahumador Triangular"},"content":{"rendered":"<p>La forma trilateral \u00fanica garantiza una aromaterapia ideal para infundir su espacio con una variedad de olores. \u00daselo como porta incienso o sahumerio y resalte su ambiente con un toque de exclusividad.<\/p>\n<p>Medidas Aproximadas<\/p>\n<p>Di\u00e1metro Total Externo 11 CM<\/p>\n<p>Di\u00e1metro Boca: 10 CM<\/p>\n<p>Largo Total con Mango: 18 CM<\/p>\n<p>Alto: 4 CM<\/p>\n","protected":false},"excerpt":{"rendered":"<p>Descubra el m\u00e1gico Sahumador Triangular Sagrada Madre de cemento para activar sus momentos de relajaci\u00f3n y reflexi\u00f3n.<\/p>\n","protected":false},"featured_media":2859,"comment_status":"open","ping_status":"closed","template":"","meta":[],"product_cat":[156,187,185,188],"product_tag":[],"class_list":{"0":"post-2810","1":"product","2":"type-product","3":"status-publish","4":"has-post-thumbnail","6":"product_cat-spa-en-casa","7":"product_cat-inciensos-y-sahumos","8":"product_cat-marcas","9":"product_cat-sagrada-madre","11":"first","12":"instock","13":"shipping-taxable","14":"purchasable","15":"product-type-simple"},"_links":{"self":[{"href":"https:\/\/www.spaoneandonly.cl\/productos\/wp-json\/wp\/v2\/product\/2810","targetHints":{"allow":["GET"]}}],"collection":[{"href":"https:\/\/www.spaoneandonly.cl\/productos\/wp-json\/wp\/v2\/product"}],"about":[{"href":"https:\/\/www.spaoneandonly.cl\/productos\/wp-json\/wp\/v2\/types\/product"}],"replies":[{"embeddable":true,"href":"https:\/\/www.spaoneandonly.cl\/productos\/wp-json\/wp\/v2\/comments?post=2810"}],"wp:featuredmedia":[{"embeddable":true,"href":"https:\/\/www.spaoneandonly.cl\/productos\/wp-json\/wp\/v2\/media\/2859"}],"wp:attachment":[{"href":"https:\/\/www.spaoneandonly.cl\/productos\/wp-json\/wp\/v2\/media?parent=2810"}],"wp:term":[{"taxonomy":"product_cat","embeddable":true,"href":"https:\/\/www.spaoneandonly.cl\/productos\/wp-json\/wp\/v2\/product_cat?post=2810"},{"taxonomy":"product_tag","embeddable":true,"href":"https:\/\/www.spaoneandonly.cl\/productos\/wp-json\/wp\/v2\/product_tag?post=2810"}],"curies":[{"name":"wp","href":"https:\/\/api.w.org\/{rel}","templated":true}]}}