{"id":2809,"date":"2024-03-20T22:07:37","date_gmt":"2024-03-21T01:07:37","guid":{"rendered":"https:\/\/www.spaoneandonly.cl\/productos\/?post_type=product&#038;p=2809"},"modified":"2026-02-18T12:58:29","modified_gmt":"2026-02-18T15:58:29","slug":"bombita-premium-olibano-y-lavanda","status":"publish","type":"product","link":"https:\/\/www.spaoneandonly.cl\/productos\/item\/bombita-premium-olibano-y-lavanda\/","title":{"rendered":"Bombita Premium Ol\u00edbano y Lavanda"},"content":{"rendered":"<p>Bombita Box 8 Unidades<\/p>\n<p>El aceite esencial de incienso ol\u00edbano Libera del miedo, reduce el estr\u00e9s, favorece el recogimiento y la b\u00fasqueda espiritual y la purificaci\u00f3n.<\/p>\n<p>Ayuda a equilibrarnos y nos hace proclivos a la compasi\u00f3n, al perd\u00f3n y a la sanaci\u00f3n.<\/p>\n","protected":false},"excerpt":{"rendered":"<p>Purificaci\u00f3n y limpieza para tus ambientes. Con Perlas de Olibano, Flores de Lavanda y Aceites Esenciales.<\/p>\n","protected":false},"featured_media":2861,"comment_status":"open","ping_status":"closed","template":"","meta":[],"product_cat":[187,185,188],"product_tag":[],"class_list":{"0":"post-2809","1":"product","2":"type-product","3":"status-publish","4":"has-post-thumbnail","6":"product_cat-inciensos-y-sahumos","7":"product_cat-marcas","8":"product_cat-sagrada-madre","10":"first","11":"instock","12":"shipping-taxable","13":"purchasable","14":"product-type-simple"},"_links":{"self":[{"href":"https:\/\/www.spaoneandonly.cl\/productos\/wp-json\/wp\/v2\/product\/2809","targetHints":{"allow":["GET"]}}],"collection":[{"href":"https:\/\/www.spaoneandonly.cl\/productos\/wp-json\/wp\/v2\/product"}],"about":[{"href":"https:\/\/www.spaoneandonly.cl\/productos\/wp-json\/wp\/v2\/types\/product"}],"replies":[{"embeddable":true,"href":"https:\/\/www.spaoneandonly.cl\/productos\/wp-json\/wp\/v2\/comments?post=2809"}],"wp:featuredmedia":[{"embeddable":true,"href":"https:\/\/www.spaoneandonly.cl\/productos\/wp-json\/wp\/v2\/media\/2861"}],"wp:attachment":[{"href":"https:\/\/www.spaoneandonly.cl\/productos\/wp-json\/wp\/v2\/media?parent=2809"}],"wp:term":[{"taxonomy":"product_cat","embeddable":true,"href":"https:\/\/www.spaoneandonly.cl\/productos\/wp-json\/wp\/v2\/product_cat?post=2809"},{"taxonomy":"product_tag","embeddable":true,"href":"https:\/\/www.spaoneandonly.cl\/productos\/wp-json\/wp\/v2\/product_tag?post=2809"}],"curies":[{"name":"wp","href":"https:\/\/api.w.org\/{rel}","templated":true}]}}