{"id":2807,"date":"2024-03-20T22:07:36","date_gmt":"2024-03-21T01:07:36","guid":{"rendered":"https:\/\/www.spaoneandonly.cl\/productos\/?post_type=product&#038;p=2807"},"modified":"2026-01-31T19:19:56","modified_gmt":"2026-01-31T22:19:56","slug":"sahumerio-5-elementos-claridad","status":"publish","type":"product","link":"https:\/\/www.spaoneandonly.cl\/productos\/item\/sahumerio-5-elementos-claridad\/","title":{"rendered":"Sahumerio 5 Elementos &#8211; Claridad"},"content":{"rendered":"<p>Para trabajar este Elemento se combinan la Flor Reina de la Noche y Lavanda. Invoca el Amor Eterno y la Expansi\u00f3n Universal.<\/p>\n<p>Todos los signos resuenan con \u00c9TER | CLARIDAD para percibir las Altas Vibraciones.<\/p>\n<p>As\u00ed como limpiamos nuestro cuerpo, es muy importante purificar nuestro hogar y espacios de trabajo. Limpiar sahumando es una forma de restablecer la armon\u00eda y el equilibrio. <\/p>\n<p>Mantener nuestros espacios limpios y armonizados para acompa\u00f1ar nuestro equilibro interno y dejar fluir el d\u00eda a d\u00eda.<\/p>\n<p>Duraci\u00f3n: 1 hora Aprox.<br \/>\nUnidades: 6 varillas Premium<\/p>\n<p>Hecho en Argentina<\/p>\n","protected":false},"excerpt":{"rendered":"<p>El transformador aroma del Incienso envuelto en la apasionante fragancia de la reina de la noche, brindan la claridad para vivir la maravilla del momento presente.<\/p>\n","protected":false},"featured_media":2870,"comment_status":"open","ping_status":"closed","template":"","meta":[],"product_cat":[156,187,185,188],"product_tag":[],"class_list":{"0":"post-2807","1":"product","2":"type-product","3":"status-publish","4":"has-post-thumbnail","6":"product_cat-spa-en-casa","7":"product_cat-inciensos-y-sahumos","8":"product_cat-marcas","9":"product_cat-sagrada-madre","11":"first","12":"outofstock","13":"sale","14":"shipping-taxable","15":"purchasable","16":"product-type-simple"},"_links":{"self":[{"href":"https:\/\/www.spaoneandonly.cl\/productos\/wp-json\/wp\/v2\/product\/2807","targetHints":{"allow":["GET"]}}],"collection":[{"href":"https:\/\/www.spaoneandonly.cl\/productos\/wp-json\/wp\/v2\/product"}],"about":[{"href":"https:\/\/www.spaoneandonly.cl\/productos\/wp-json\/wp\/v2\/types\/product"}],"replies":[{"embeddable":true,"href":"https:\/\/www.spaoneandonly.cl\/productos\/wp-json\/wp\/v2\/comments?post=2807"}],"wp:featuredmedia":[{"embeddable":true,"href":"https:\/\/www.spaoneandonly.cl\/productos\/wp-json\/wp\/v2\/media\/2870"}],"wp:attachment":[{"href":"https:\/\/www.spaoneandonly.cl\/productos\/wp-json\/wp\/v2\/media?parent=2807"}],"wp:term":[{"taxonomy":"product_cat","embeddable":true,"href":"https:\/\/www.spaoneandonly.cl\/productos\/wp-json\/wp\/v2\/product_cat?post=2807"},{"taxonomy":"product_tag","embeddable":true,"href":"https:\/\/www.spaoneandonly.cl\/productos\/wp-json\/wp\/v2\/product_tag?post=2807"}],"curies":[{"name":"wp","href":"https:\/\/api.w.org\/{rel}","templated":true}]}}