{"id":2804,"date":"2024-03-20T22:07:33","date_gmt":"2024-03-21T01:07:33","guid":{"rendered":"https:\/\/www.spaoneandonly.cl\/productos\/?post_type=product&#038;p=2804"},"modified":"2025-11-05T15:44:12","modified_gmt":"2025-11-05T18:44:12","slug":"sahumerio-5-elementos-armonia","status":"publish","type":"product","link":"https:\/\/www.spaoneandonly.cl\/productos\/item\/sahumerio-5-elementos-armonia\/","title":{"rendered":"Sahumerio 5 Elementos &#8211; Armon\u00eda"},"content":{"rendered":"<p>Tierra | Capricornio, Virgo y Tauro: Afirman en el \u00c9ter su voluntad para concretar sus planes futuros.<\/p>\n<p>Todos los signos resuenan con \u00c9TER | CLARIDAD para percibir las Altas Vibraciones.<\/p>\n<p>As\u00ed como limpiamos nuestro cuerpo, es muy importante purificar nuestro hogar y espacios de trabajo. Limpiar sahumando es una forma de restablecer la armon\u00eda y el equilibrio. <\/p>\n<p>Mantener nuestros espacios limpios y armonizados para acompa\u00f1ar nuestro equilibro interno y dejar fluir el d\u00eda a d\u00eda.<\/p>\n<p>Duraci\u00f3n: 1 hora Aprox.<br \/>\nUnidades: 6 varillas Premium<\/p>\n<p>Hecho en Argentina<\/p>\n","protected":false},"excerpt":{"rendered":"<p>El c\u00e1lido aroma del Palo Santo da estabilidad y confianza, combinado con la vibrante fragancia del jengibre activan la conexi\u00f3n con la madre tierra.<\/p>\n","protected":false},"featured_media":2868,"comment_status":"open","ping_status":"closed","template":"","meta":[],"product_cat":[112,156,187,185,188],"product_tag":[],"class_list":{"0":"post-2804","1":"product","2":"type-product","3":"status-publish","4":"has-post-thumbnail","6":"product_cat-cuidado-facial","7":"product_cat-spa-en-casa","8":"product_cat-inciensos-y-sahumos","9":"product_cat-marcas","10":"product_cat-sagrada-madre","12":"first","13":"outofstock","14":"shipping-taxable","15":"purchasable","16":"product-type-simple"},"_links":{"self":[{"href":"https:\/\/www.spaoneandonly.cl\/productos\/wp-json\/wp\/v2\/product\/2804","targetHints":{"allow":["GET"]}}],"collection":[{"href":"https:\/\/www.spaoneandonly.cl\/productos\/wp-json\/wp\/v2\/product"}],"about":[{"href":"https:\/\/www.spaoneandonly.cl\/productos\/wp-json\/wp\/v2\/types\/product"}],"replies":[{"embeddable":true,"href":"https:\/\/www.spaoneandonly.cl\/productos\/wp-json\/wp\/v2\/comments?post=2804"}],"wp:featuredmedia":[{"embeddable":true,"href":"https:\/\/www.spaoneandonly.cl\/productos\/wp-json\/wp\/v2\/media\/2868"}],"wp:attachment":[{"href":"https:\/\/www.spaoneandonly.cl\/productos\/wp-json\/wp\/v2\/media?parent=2804"}],"wp:term":[{"taxonomy":"product_cat","embeddable":true,"href":"https:\/\/www.spaoneandonly.cl\/productos\/wp-json\/wp\/v2\/product_cat?post=2804"},{"taxonomy":"product_tag","embeddable":true,"href":"https:\/\/www.spaoneandonly.cl\/productos\/wp-json\/wp\/v2\/product_tag?post=2804"}],"curies":[{"name":"wp","href":"https:\/\/api.w.org\/{rel}","templated":true}]}}