{"id":2803,"date":"2024-03-20T22:07:32","date_gmt":"2024-03-21T01:07:32","guid":{"rendered":"https:\/\/www.spaoneandonly.cl\/productos\/?post_type=product&#038;p=2803"},"modified":"2026-04-01T15:39:17","modified_gmt":"2026-04-01T18:39:17","slug":"sahumo-de-lavanda","status":"publish","type":"product","link":"https:\/\/www.spaoneandonly.cl\/productos\/item\/sahumo-de-lavanda\/","title":{"rendered":"Sahumo de Lavanda"},"content":{"rendered":"<p>El sahumado es sencillamente la quema de hierbas, resinas, flores, ra\u00edces, vayas, o cortezas con la intenci\u00f3n de liberar su perfume y sus propiedades curativas y energ\u00e9ticas a trav\u00e9s del fuego.<\/p>\n<p>Este humo es considerado como una forma de plegaria o rezo donde el alma pueda liberarse y volver a Ser UNO con el UNIVERSO.<\/p>\n<p>El nombre lavanda proviene del lat\u00edn Lavare (lavar), por sus propiedades de purificaci\u00f3n y limpieza. Es relajante y ayuda a la sanaci\u00f3n espiritual y material. Esta hierba sagrada atrae energ\u00eda positiva y renovada a la atm\u00f3sfera y a los espacios donde se utilice.<\/p>\n<p>Unidad: 1 Medida:  Entre 18-23 cm aproximadamente<br \/>\nHecho en Argentina<\/p>\n<p>*Productos 100% naturales y de calidad. Comprometidos con la naturaleza, el ecosistema y la sustentabilidad.<\/p>\n","protected":false},"excerpt":{"rendered":"<p>El Sahumo es un antiguo ritual que, por medio de la quema de plantas medicinales, trabaja sobre la limpieza, curaci\u00f3n, protecci\u00f3n y alineaci\u00f3n del esp\u00edritu. <\/p>\n","protected":false},"featured_media":2866,"comment_status":"open","ping_status":"closed","template":"","meta":[],"product_cat":[156,187,185,188],"product_tag":[],"class_list":{"0":"post-2803","1":"product","2":"type-product","3":"status-publish","4":"has-post-thumbnail","6":"product_cat-spa-en-casa","7":"product_cat-inciensos-y-sahumos","8":"product_cat-marcas","9":"product_cat-sagrada-madre","11":"first","12":"instock","13":"shipping-taxable","14":"purchasable","15":"product-type-simple"},"_links":{"self":[{"href":"https:\/\/www.spaoneandonly.cl\/productos\/wp-json\/wp\/v2\/product\/2803","targetHints":{"allow":["GET"]}}],"collection":[{"href":"https:\/\/www.spaoneandonly.cl\/productos\/wp-json\/wp\/v2\/product"}],"about":[{"href":"https:\/\/www.spaoneandonly.cl\/productos\/wp-json\/wp\/v2\/types\/product"}],"replies":[{"embeddable":true,"href":"https:\/\/www.spaoneandonly.cl\/productos\/wp-json\/wp\/v2\/comments?post=2803"}],"wp:featuredmedia":[{"embeddable":true,"href":"https:\/\/www.spaoneandonly.cl\/productos\/wp-json\/wp\/v2\/media\/2866"}],"wp:attachment":[{"href":"https:\/\/www.spaoneandonly.cl\/productos\/wp-json\/wp\/v2\/media?parent=2803"}],"wp:term":[{"taxonomy":"product_cat","embeddable":true,"href":"https:\/\/www.spaoneandonly.cl\/productos\/wp-json\/wp\/v2\/product_cat?post=2803"},{"taxonomy":"product_tag","embeddable":true,"href":"https:\/\/www.spaoneandonly.cl\/productos\/wp-json\/wp\/v2\/product_tag?post=2803"}],"curies":[{"name":"wp","href":"https:\/\/api.w.org\/{rel}","templated":true}]}}