{"id":2802,"date":"2024-03-20T22:07:32","date_gmt":"2024-03-21T01:07:32","guid":{"rendered":"https:\/\/www.spaoneandonly.cl\/productos\/?post_type=product&#038;p=2802"},"modified":"2025-11-05T15:22:04","modified_gmt":"2025-11-05T18:22:04","slug":"sahumo-mirra-y-palo-santo","status":"publish","type":"product","link":"https:\/\/www.spaoneandonly.cl\/productos\/item\/sahumo-mirra-y-palo-santo\/","title":{"rendered":"Sahumo de Mirra y Palo Santo"},"content":{"rendered":"<p>Sahumo ban\u0303ado con mirra y palo santo, una combinacio\u0301n energe\u0301ticamente fuerte y armoniosa para limpiezas, proteccio\u0301n y armoni\u0301a.<\/p>\n<p>Unidad: 1 Medida:  17 cm aproximadamente<br \/>\nHecho en Argentina<br \/>\n*Productos 100% naturales y de calidad. Comprometidos con la naturaleza, el ecosistema y la sustentabilidad.<\/p>\n","protected":false},"excerpt":{"rendered":"<p>El Sahumo es un antiguo ritual que, por medio de la quema de plantas medicinales, trabaja sobre la limpieza, curaci\u00f3n, protecci\u00f3n y alineaci\u00f3n del esp\u00edritu. <\/p>\n","protected":false},"featured_media":2863,"comment_status":"open","ping_status":"closed","template":"","meta":[],"product_cat":[156,187,185,188],"product_tag":[],"class_list":{"0":"post-2802","1":"product","2":"type-product","3":"status-publish","4":"has-post-thumbnail","6":"product_cat-spa-en-casa","7":"product_cat-inciensos-y-sahumos","8":"product_cat-marcas","9":"product_cat-sagrada-madre","11":"first","12":"outofstock","13":"shipping-taxable","14":"purchasable","15":"product-type-simple"},"_links":{"self":[{"href":"https:\/\/www.spaoneandonly.cl\/productos\/wp-json\/wp\/v2\/product\/2802","targetHints":{"allow":["GET"]}}],"collection":[{"href":"https:\/\/www.spaoneandonly.cl\/productos\/wp-json\/wp\/v2\/product"}],"about":[{"href":"https:\/\/www.spaoneandonly.cl\/productos\/wp-json\/wp\/v2\/types\/product"}],"replies":[{"embeddable":true,"href":"https:\/\/www.spaoneandonly.cl\/productos\/wp-json\/wp\/v2\/comments?post=2802"}],"wp:featuredmedia":[{"embeddable":true,"href":"https:\/\/www.spaoneandonly.cl\/productos\/wp-json\/wp\/v2\/media\/2863"}],"wp:attachment":[{"href":"https:\/\/www.spaoneandonly.cl\/productos\/wp-json\/wp\/v2\/media?parent=2802"}],"wp:term":[{"taxonomy":"product_cat","embeddable":true,"href":"https:\/\/www.spaoneandonly.cl\/productos\/wp-json\/wp\/v2\/product_cat?post=2802"},{"taxonomy":"product_tag","embeddable":true,"href":"https:\/\/www.spaoneandonly.cl\/productos\/wp-json\/wp\/v2\/product_tag?post=2802"}],"curies":[{"name":"wp","href":"https:\/\/api.w.org\/{rel}","templated":true}]}}