{"id":2800,"date":"2024-03-20T22:03:52","date_gmt":"2024-03-21T01:03:52","guid":{"rendered":"https:\/\/www.spaoneandonly.cl\/productos\/?post_type=product&#038;p=2800"},"modified":"2026-02-18T13:00:45","modified_gmt":"2026-02-18T16:00:45","slug":"sahumo-de-estacion-4-hierbas","status":"publish","type":"product","link":"https:\/\/www.spaoneandonly.cl\/productos\/item\/sahumo-de-estacion-4-hierbas\/","title":{"rendered":"Sahumo de Estaci\u00f3n 4 Hierbas"},"content":{"rendered":"<p>El Sahumo de Hierbas arom\u00e1ticas de Estaci\u00f3n siempre est\u00e1 acompa\u00f1\u00e1ndonos para purificar nuestros espacios. La poderosa Salvia junto con el Romero revitaliza, el cedro armoniza, el laurel equilibra y el eucalipto transmuta, unidas vibran con energ\u00eda protegiendo con amor cada cuerpo y espacio donde se utilice.<\/p>\n<p>Unidad: 1 Medida:  14 cm aproximadamente<br \/>\nHecho en Argentina<br \/>\n*Productos 100% naturales y de calidad. Comprometidos con la naturaleza, el ecosistema y la sustentabilidad.<\/p>\n","protected":false},"excerpt":{"rendered":"<p>El Sahumo es un antiguo ritual que, por medio de la quema de plantas medicinales, trabaja sobre la limpieza, curaci\u00f3n, protecci\u00f3n y alineaci\u00f3n del esp\u00edritu. <\/p>\n","protected":false},"featured_media":2864,"comment_status":"open","ping_status":"closed","template":"","meta":[],"product_cat":[156,187,185,188],"product_tag":[],"class_list":{"0":"post-2800","1":"product","2":"type-product","3":"status-publish","4":"has-post-thumbnail","6":"product_cat-spa-en-casa","7":"product_cat-inciensos-y-sahumos","8":"product_cat-marcas","9":"product_cat-sagrada-madre","11":"first","12":"instock","13":"shipping-taxable","14":"purchasable","15":"product-type-simple"},"_links":{"self":[{"href":"https:\/\/www.spaoneandonly.cl\/productos\/wp-json\/wp\/v2\/product\/2800","targetHints":{"allow":["GET"]}}],"collection":[{"href":"https:\/\/www.spaoneandonly.cl\/productos\/wp-json\/wp\/v2\/product"}],"about":[{"href":"https:\/\/www.spaoneandonly.cl\/productos\/wp-json\/wp\/v2\/types\/product"}],"replies":[{"embeddable":true,"href":"https:\/\/www.spaoneandonly.cl\/productos\/wp-json\/wp\/v2\/comments?post=2800"}],"wp:featuredmedia":[{"embeddable":true,"href":"https:\/\/www.spaoneandonly.cl\/productos\/wp-json\/wp\/v2\/media\/2864"}],"wp:attachment":[{"href":"https:\/\/www.spaoneandonly.cl\/productos\/wp-json\/wp\/v2\/media?parent=2800"}],"wp:term":[{"taxonomy":"product_cat","embeddable":true,"href":"https:\/\/www.spaoneandonly.cl\/productos\/wp-json\/wp\/v2\/product_cat?post=2800"},{"taxonomy":"product_tag","embeddable":true,"href":"https:\/\/www.spaoneandonly.cl\/productos\/wp-json\/wp\/v2\/product_tag?post=2800"}],"curies":[{"name":"wp","href":"https:\/\/api.w.org\/{rel}","templated":true}]}}