{"id":2798,"date":"2024-03-20T22:02:41","date_gmt":"2024-03-21T01:02:41","guid":{"rendered":"https:\/\/www.spaoneandonly.cl\/productos\/?post_type=product&#038;p=2798"},"modified":"2026-05-01T00:13:43","modified_gmt":"2026-05-01T04:13:43","slug":"sahumo-de-copal","status":"publish","type":"product","link":"https:\/\/www.spaoneandonly.cl\/productos\/item\/sahumo-de-copal\/","title":{"rendered":"Sahumo de Copal"},"content":{"rendered":"<p>El Sahumo de Copal, resina de los Dioses antiguos mesoamericanos, su poder ancestral, nos sigue acompa\u00f1ando protegiendo, purificando y limpiando energ\u00e9ticamente nuestras vidas.<\/p>\n<p>Unidad: 1 Medida:  17 cm aproximadamente<br \/>\nHecho en Argentina<br \/>\n*Productos 100% naturales y de calidad.<br \/>\nComprometidos con la naturaleza, el ecosistema y la sustentabilidad.<\/p>\n","protected":false},"excerpt":{"rendered":"<p>El Sahumo es un antiguo ritual que, por medio de la quema de plantas medicinales, trabaja sobre la limpieza, curaci\u00f3n, protecci\u00f3n y alineaci\u00f3n del esp\u00edritu. <\/p>\n","protected":false},"featured_media":2865,"comment_status":"open","ping_status":"closed","template":"","meta":[],"product_cat":[156,187,185,188],"product_tag":[],"class_list":{"0":"post-2798","1":"product","2":"type-product","3":"status-publish","4":"has-post-thumbnail","6":"product_cat-spa-en-casa","7":"product_cat-inciensos-y-sahumos","8":"product_cat-marcas","9":"product_cat-sagrada-madre","11":"first","12":"instock","13":"shipping-taxable","14":"purchasable","15":"product-type-simple"},"_links":{"self":[{"href":"https:\/\/www.spaoneandonly.cl\/productos\/wp-json\/wp\/v2\/product\/2798","targetHints":{"allow":["GET"]}}],"collection":[{"href":"https:\/\/www.spaoneandonly.cl\/productos\/wp-json\/wp\/v2\/product"}],"about":[{"href":"https:\/\/www.spaoneandonly.cl\/productos\/wp-json\/wp\/v2\/types\/product"}],"replies":[{"embeddable":true,"href":"https:\/\/www.spaoneandonly.cl\/productos\/wp-json\/wp\/v2\/comments?post=2798"}],"wp:featuredmedia":[{"embeddable":true,"href":"https:\/\/www.spaoneandonly.cl\/productos\/wp-json\/wp\/v2\/media\/2865"}],"wp:attachment":[{"href":"https:\/\/www.spaoneandonly.cl\/productos\/wp-json\/wp\/v2\/media?parent=2798"}],"wp:term":[{"taxonomy":"product_cat","embeddable":true,"href":"https:\/\/www.spaoneandonly.cl\/productos\/wp-json\/wp\/v2\/product_cat?post=2798"},{"taxonomy":"product_tag","embeddable":true,"href":"https:\/\/www.spaoneandonly.cl\/productos\/wp-json\/wp\/v2\/product_tag?post=2798"}],"curies":[{"name":"wp","href":"https:\/\/api.w.org\/{rel}","templated":true}]}}