{"id":2495,"date":"2023-10-11T12:28:12","date_gmt":"2023-10-11T15:28:12","guid":{"rendered":"https:\/\/www.spaoneandonly.cl\/productos\/?post_type=product&#038;p=2495"},"modified":"2025-11-05T15:27:10","modified_gmt":"2025-11-05T18:27:10","slug":"n03-home-spray-santal-ce","status":"publish","type":"product","link":"https:\/\/www.spaoneandonly.cl\/productos\/item\/n03-home-spray-santal-ce\/","title":{"rendered":"N03 HOME SPRAY &#8211; Santal &amp; Ce"},"content":{"rendered":"<p>Especificaciones: El Home Spray te permitir\u00e1 aromatizar tus espacios mas peque\u00f1os de manera inmediata, controlando la intensidad seg\u00fan la cantidad de pulverizaciones que hagas. <\/p>\n<p>Modo de Uso: Aplicar en el interior del hogar, todos los d\u00edas.<\/p>\n","protected":false},"excerpt":{"rendered":"<p>Cont. 60 cc.<br \/>\nHome Spray<br \/>\nAroma Santal &amp; Ce: Notas madera y floral <\/p>\n","protected":false},"featured_media":2511,"comment_status":"open","ping_status":"closed","template":"","meta":[],"product_cat":[157,156,110],"product_tag":[],"class_list":{"0":"post-2495","1":"product","2":"type-product","3":"status-publish","4":"has-post-thumbnail","6":"product_cat-aromatizadores-y-difusores","7":"product_cat-spa-en-casa","8":"product_cat-sense-y-ce","10":"first","11":"outofstock","12":"shipping-taxable","13":"purchasable","14":"product-type-simple"},"_links":{"self":[{"href":"https:\/\/www.spaoneandonly.cl\/productos\/wp-json\/wp\/v2\/product\/2495","targetHints":{"allow":["GET"]}}],"collection":[{"href":"https:\/\/www.spaoneandonly.cl\/productos\/wp-json\/wp\/v2\/product"}],"about":[{"href":"https:\/\/www.spaoneandonly.cl\/productos\/wp-json\/wp\/v2\/types\/product"}],"replies":[{"embeddable":true,"href":"https:\/\/www.spaoneandonly.cl\/productos\/wp-json\/wp\/v2\/comments?post=2495"}],"wp:featuredmedia":[{"embeddable":true,"href":"https:\/\/www.spaoneandonly.cl\/productos\/wp-json\/wp\/v2\/media\/2511"}],"wp:attachment":[{"href":"https:\/\/www.spaoneandonly.cl\/productos\/wp-json\/wp\/v2\/media?parent=2495"}],"wp:term":[{"taxonomy":"product_cat","embeddable":true,"href":"https:\/\/www.spaoneandonly.cl\/productos\/wp-json\/wp\/v2\/product_cat?post=2495"},{"taxonomy":"product_tag","embeddable":true,"href":"https:\/\/www.spaoneandonly.cl\/productos\/wp-json\/wp\/v2\/product_tag?post=2495"}],"curies":[{"name":"wp","href":"https:\/\/api.w.org\/{rel}","templated":true}]}}