{"id":2493,"date":"2023-10-11T12:28:09","date_gmt":"2023-10-11T15:28:09","guid":{"rendered":"https:\/\/www.spaoneandonly.cl\/productos\/?post_type=product&#038;p=2493"},"modified":"2025-03-24T12:55:06","modified_gmt":"2025-03-24T15:55:06","slug":"n04-home-diffuser-anthropology-ce","status":"publish","type":"product","link":"https:\/\/www.spaoneandonly.cl\/productos\/item\/n04-home-diffuser-anthropology-ce\/","title":{"rendered":"N04 HOME DIFFUSER &#8211; Anthropoly &#038; Ce"},"content":{"rendered":"<p>Especificaciones: Perfume ambiental que dejara tu ambiente con un aroma constante.<\/p>\n<p>Modo de Uso: Insertar las varillas dentro del l\u00edquido del envase. A las 48 horas dar vueltas las varillas hasta que est\u00e9n impregnadas de la esencia. Cada 5 d\u00edas darlas vueltas dependiendo de la intensidad deseada.<\/p>\n","protected":false},"excerpt":{"rendered":"<p>Cont. 60CC<br \/>\nHome Diffuser<br \/>\nAroma Antropoly &#038; Ce: notas c\u00edtricas con madera<\/p>\n","protected":false},"featured_media":2519,"comment_status":"open","ping_status":"closed","template":"","meta":[],"product_cat":[157,156,110],"product_tag":[],"class_list":{"0":"post-2493","1":"product","2":"type-product","3":"status-publish","4":"has-post-thumbnail","6":"product_cat-aromatizadores-y-difusores","7":"product_cat-spa-en-casa","8":"product_cat-sense-y-ce","10":"first","11":"outofstock","12":"shipping-taxable","13":"purchasable","14":"product-type-simple"},"_links":{"self":[{"href":"https:\/\/www.spaoneandonly.cl\/productos\/wp-json\/wp\/v2\/product\/2493","targetHints":{"allow":["GET"]}}],"collection":[{"href":"https:\/\/www.spaoneandonly.cl\/productos\/wp-json\/wp\/v2\/product"}],"about":[{"href":"https:\/\/www.spaoneandonly.cl\/productos\/wp-json\/wp\/v2\/types\/product"}],"replies":[{"embeddable":true,"href":"https:\/\/www.spaoneandonly.cl\/productos\/wp-json\/wp\/v2\/comments?post=2493"}],"wp:featuredmedia":[{"embeddable":true,"href":"https:\/\/www.spaoneandonly.cl\/productos\/wp-json\/wp\/v2\/media\/2519"}],"wp:attachment":[{"href":"https:\/\/www.spaoneandonly.cl\/productos\/wp-json\/wp\/v2\/media?parent=2493"}],"wp:term":[{"taxonomy":"product_cat","embeddable":true,"href":"https:\/\/www.spaoneandonly.cl\/productos\/wp-json\/wp\/v2\/product_cat?post=2493"},{"taxonomy":"product_tag","embeddable":true,"href":"https:\/\/www.spaoneandonly.cl\/productos\/wp-json\/wp\/v2\/product_tag?post=2493"}],"curies":[{"name":"wp","href":"https:\/\/api.w.org\/{rel}","templated":true}]}}