{"id":2403,"date":"2023-08-22T17:48:06","date_gmt":"2023-08-22T21:48:06","guid":{"rendered":"https:\/\/www.spaoneandonly.cl\/productos\/?post_type=product&#038;p=2403"},"modified":"2025-06-04T12:24:57","modified_gmt":"2025-06-04T16:24:57","slug":"clarifying-gel-cleanser","status":"publish","type":"product","link":"https:\/\/www.spaoneandonly.cl\/productos\/item\/clarifying-gel-cleanser\/","title":{"rendered":"Clarifying Gel Cleanser"},"content":{"rendered":"<p>Esta f\u00f3rmula medicada ayuda a reestablecer los poros obstruidos y eliminar la suciedad, las zonas oleosas e irritadas. Ayuda a tratar y prevenir los brotes de acn\u00e9. Nuestro limpiador de cara para las manchas tiene una receta especial con medicaci\u00f3n de tiempo liberado que permanece activo durante horas, incluso despu\u00e9s de enjuagar.<\/p>\n<p>Clarifying Cleanser de Murad se sugiere para personas que buscan:<\/p>\n<p>Reducir manchas y erupciones<br \/>\nPrevenir futuros brotes<\/p>\n","protected":false},"excerpt":{"rendered":"<p>1 \u2013 Limpia | Tonifica<br \/>\nCont. 200 ml.<\/p>\n<p>Poderoso gel limpiador diario combate las manchas y las erupciones de la piel.<\/p>\n","protected":false},"featured_media":861,"comment_status":"open","ping_status":"closed","template":"","meta":[],"product_cat":[135,112,113,114,54],"product_tag":[176,172,170,171],"class_list":{"0":"post-2403","1":"product","2":"type-product","3":"status-publish","4":"has-post-thumbnail","6":"product_cat-acne","7":"product_cat-cuidado-facial","8":"product_cat-limpieza","9":"product_cat-tonicos-y-desmaquillantes","10":"product_cat-murad","11":"product_tag-acne-y-puntos-negros","12":"product_tag-dia-noche","13":"product_tag-piel-joven","14":"product_tag-piel-madura","16":"first","17":"outofstock","18":"shipping-taxable","19":"purchasable","20":"product-type-simple"},"_links":{"self":[{"href":"https:\/\/www.spaoneandonly.cl\/productos\/wp-json\/wp\/v2\/product\/2403","targetHints":{"allow":["GET"]}}],"collection":[{"href":"https:\/\/www.spaoneandonly.cl\/productos\/wp-json\/wp\/v2\/product"}],"about":[{"href":"https:\/\/www.spaoneandonly.cl\/productos\/wp-json\/wp\/v2\/types\/product"}],"replies":[{"embeddable":true,"href":"https:\/\/www.spaoneandonly.cl\/productos\/wp-json\/wp\/v2\/comments?post=2403"}],"wp:featuredmedia":[{"embeddable":true,"href":"https:\/\/www.spaoneandonly.cl\/productos\/wp-json\/wp\/v2\/media\/861"}],"wp:attachment":[{"href":"https:\/\/www.spaoneandonly.cl\/productos\/wp-json\/wp\/v2\/media?parent=2403"}],"wp:term":[{"taxonomy":"product_cat","embeddable":true,"href":"https:\/\/www.spaoneandonly.cl\/productos\/wp-json\/wp\/v2\/product_cat?post=2403"},{"taxonomy":"product_tag","embeddable":true,"href":"https:\/\/www.spaoneandonly.cl\/productos\/wp-json\/wp\/v2\/product_tag?post=2403"}],"curies":[{"name":"wp","href":"https:\/\/api.w.org\/{rel}","templated":true}]}}