{"id":2313,"date":"2023-07-21T10:58:49","date_gmt":"2023-07-21T14:58:49","guid":{"rendered":"https:\/\/www.spaoneandonly.cl\/productos\/?post_type=product&#038;p=2313"},"modified":"2025-12-03T11:57:16","modified_gmt":"2025-12-03T14:57:16","slug":"home-spray-black-cedar","status":"publish","type":"product","link":"https:\/\/www.spaoneandonly.cl\/productos\/item\/home-spray-black-cedar\/","title":{"rendered":"Home Spray Black Cedar"},"content":{"rendered":"<p>Spray ambiental de intenso aroma y excelente fijaci\u00f3n para ambientes, linos y telas.<\/p>\n<p>Puedes utilizarlo en cualquier rinc\u00f3n de tu casa, en la ropa de cama, cortinas y sillones. \u00a1Ver\u00e1s que rico queda en textiles!<\/p>\n<p>P R E C A U C I O N E S<\/p>\n<p>\u00b7 La fragancia podr\u00eda ser corrosiva.<br \/>\n\u00b7 L\u00edquidos y vapores inflamables, mantener alejado del calor.<br \/>\n\u00b7 Evitar el contacto con los ojos, no ingerir.<br \/>\n\u00b7 Mantener fuera del alcance de los ni\u00f1os.<\/p>\n","protected":false},"excerpt":{"rendered":"<p>Cont. 500 ml. <\/p>\n<p>Fragancia en base a Cedro, Menta y Cuero. Tiene car\u00e1cter. Aroma atrevido, consigue un aire de distinci\u00f3n de forma f\u00e1cil. Tiene fuerza, pero de forma delicada. Es \u00fanico.<\/p>\n","protected":false},"featured_media":2025,"comment_status":"open","ping_status":"closed","template":"","meta":[],"product_cat":[157,156,99],"product_tag":[],"class_list":{"0":"post-2313","1":"product","2":"type-product","3":"status-publish","4":"has-post-thumbnail","6":"product_cat-aromatizadores-y-difusores","7":"product_cat-spa-en-casa","8":"product_cat-madison-y-co","10":"first","11":"outofstock","12":"shipping-taxable","13":"purchasable","14":"product-type-simple"},"_links":{"self":[{"href":"https:\/\/www.spaoneandonly.cl\/productos\/wp-json\/wp\/v2\/product\/2313","targetHints":{"allow":["GET"]}}],"collection":[{"href":"https:\/\/www.spaoneandonly.cl\/productos\/wp-json\/wp\/v2\/product"}],"about":[{"href":"https:\/\/www.spaoneandonly.cl\/productos\/wp-json\/wp\/v2\/types\/product"}],"replies":[{"embeddable":true,"href":"https:\/\/www.spaoneandonly.cl\/productos\/wp-json\/wp\/v2\/comments?post=2313"}],"wp:featuredmedia":[{"embeddable":true,"href":"https:\/\/www.spaoneandonly.cl\/productos\/wp-json\/wp\/v2\/media\/2025"}],"wp:attachment":[{"href":"https:\/\/www.spaoneandonly.cl\/productos\/wp-json\/wp\/v2\/media?parent=2313"}],"wp:term":[{"taxonomy":"product_cat","embeddable":true,"href":"https:\/\/www.spaoneandonly.cl\/productos\/wp-json\/wp\/v2\/product_cat?post=2313"},{"taxonomy":"product_tag","embeddable":true,"href":"https:\/\/www.spaoneandonly.cl\/productos\/wp-json\/wp\/v2\/product_tag?post=2313"}],"curies":[{"name":"wp","href":"https:\/\/api.w.org\/{rel}","templated":true}]}}