{"id":2298,"date":"2023-07-17T17:22:29","date_gmt":"2023-07-17T21:22:29","guid":{"rendered":"https:\/\/www.spaoneandonly.cl\/productos\/?post_type=product&#038;p=2298"},"modified":"2024-10-07T18:20:06","modified_gmt":"2024-10-07T21:20:06","slug":"multi-vitamin-infusion-oil","status":"publish","type":"product","link":"https:\/\/www.spaoneandonly.cl\/productos\/item\/multi-vitamin-infusion-oil\/","title":{"rendered":"Multi-Vitamin Infusion Oil"},"content":{"rendered":"<p>Aceite ligero que se absorbe r\u00e1pidamente. Est\u00e1 formulado con Vitamina de la A a la F. Combate los signos del envejecimiento, estimula la hidrataci\u00f3n y la luminosidad.<\/p>\n<p>DETALLES<\/p>\n<p>Este aceite de tratamiento revolucionario est\u00e1 potenciado por 6 vitaminas clave, de la A a la F, que atacan sin\u00e9rgicamente los signos del envejecimiento, aumentan la hidrataci\u00f3n, iluminan la piel y la defienden de los radicales libres para una tez de aspecto m\u00e1s juvenil. La f\u00f3rmula ligera como una pluma se absorbe r\u00e1pidamente para brindar una dosis instant\u00e1nea de luminosidad mientras ayuda a equilibrar la piel para lograr un brillo saludable y vibrante.<\/p>\n<p>Para qu\u00e9 tipo de piel es bueno aplicarlo?<br \/>\n\u2013 Normal<br \/>\n\u2013 Oleosa<br \/>\n\u2013 Seca<br \/>\n\u2013 Sensible<br \/>\n\u2013 Mixta<\/p>\n","protected":false},"excerpt":{"rendered":"<p>2 \u2013 Trata | Repara<br \/>\nCont. 30 ml.<\/p>\n","protected":false},"featured_media":2326,"comment_status":"open","ping_status":"closed","template":"","meta":[],"product_cat":[121,132,126,112,117,118,127,54],"product_tag":[177,174,168,167,165,171,166,164],"class_list":{"0":"post-2298","1":"product","2":"type-product","3":"status-publish","4":"has-post-thumbnail","6":"product_cat-aceites-y-cremas-hidratacion","7":"product_cat-aceites-y-cremas-anti-edad-cuidado-facial","8":"product_cat-anti-edad","9":"product_cat-cuidado-facial","10":"product_cat-hidratacion","11":"product_cat-serums-hidratacion","12":"product_cat-serums-anti-edad-cuidado-facial","13":"product_cat-murad","14":"product_tag-anti-edad","15":"product_tag-dia","16":"product_tag-grasa","17":"product_tag-mixta","18":"product_tag-normal","19":"product_tag-piel-madura","20":"product_tag-seca","21":"product_tag-sensible","23":"first","24":"outofstock","25":"shipping-taxable","26":"purchasable","27":"product-type-simple"},"_links":{"self":[{"href":"https:\/\/www.spaoneandonly.cl\/productos\/wp-json\/wp\/v2\/product\/2298","targetHints":{"allow":["GET"]}}],"collection":[{"href":"https:\/\/www.spaoneandonly.cl\/productos\/wp-json\/wp\/v2\/product"}],"about":[{"href":"https:\/\/www.spaoneandonly.cl\/productos\/wp-json\/wp\/v2\/types\/product"}],"replies":[{"embeddable":true,"href":"https:\/\/www.spaoneandonly.cl\/productos\/wp-json\/wp\/v2\/comments?post=2298"}],"wp:featuredmedia":[{"embeddable":true,"href":"https:\/\/www.spaoneandonly.cl\/productos\/wp-json\/wp\/v2\/media\/2326"}],"wp:attachment":[{"href":"https:\/\/www.spaoneandonly.cl\/productos\/wp-json\/wp\/v2\/media?parent=2298"}],"wp:term":[{"taxonomy":"product_cat","embeddable":true,"href":"https:\/\/www.spaoneandonly.cl\/productos\/wp-json\/wp\/v2\/product_cat?post=2298"},{"taxonomy":"product_tag","embeddable":true,"href":"https:\/\/www.spaoneandonly.cl\/productos\/wp-json\/wp\/v2\/product_tag?post=2298"}],"curies":[{"name":"wp","href":"https:\/\/api.w.org\/{rel}","templated":true}]}}