{"id":2297,"date":"2023-07-17T17:22:28","date_gmt":"2023-07-17T21:22:28","guid":{"rendered":"https:\/\/www.spaoneandonly.cl\/productos\/?post_type=product&#038;p=2297"},"modified":"2025-06-04T12:26:01","modified_gmt":"2025-06-04T16:26:01","slug":"vita-c-eyes-dark-circle-corrector-15ml","status":"publish","type":"product","link":"https:\/\/www.spaoneandonly.cl\/productos\/item\/vita-c-eyes-dark-circle-corrector-15ml\/","title":{"rendered":"Vita C &#8211; Eyes Dark Circle Corrector 15ML"},"content":{"rendered":"<p>Suero para el \u00e1rea de los ojos de vitamina C estabilizado con oro que combate todo tipo de ojeras, aliviando visiblemente la hinchaz\u00f3n y coloraci\u00f3n.<\/p>\n<p>BENEFICIOS<br \/>\nFormulado para apuntar a m\u00faltiples tipos de c\u00edrculos oscuros:<\/p>\n<p>&#8211; Azul \/ P\u00farpura: la baja microcirculaci\u00f3n y la piel delgada alrededor de los ojos aumenta la visibilidad de la sangre no oxigenada (que es azul). <\/p>\n<p>&#8211; Marr\u00f3n: el da\u00f1o solar, la irritaci\u00f3n y la gen\u00e9tica pueden provocar hiperpigmentaci\u00f3n. <\/p>\n<p>&#8211; Rojo: provocado por la inflamaci\u00f3n, irritaci\u00f3n y alergias.<\/p>\n<p>Tipo de Piel: Todo tipo de piel.<\/p>\n<p>Apto para embarazadas: Si<\/p>\n<p>Ingredientes:<\/p>\n<p>&#8211; Vitamina C estabilizada con Oro: Brinda una mayor defensa antioxidante, ayuda a una mayor absorci\u00f3n y garantiza la estabilidad y la efectividad de la vitamina C en la piel.<\/p>\n<p>&#8211; Extractos de algas rojas y marrones: Elimina visiblemente las bolsas debajo de los ojos, suavizan e iluminan las ojeras.<\/p>\n<p>&#8211; Micro-minerales que reflejan la luz: Aclara instant\u00e1neamente el \u00e1rea de los ojos.<\/p>\n<p>&#8211; Extracto de pepino: Hidrata para suavizar visiblemente las arrugas.<\/p>\n<p>Uso: AM\/PM. Aplicar sobre contorno de ojos con suavidad.<\/p>\n","protected":false},"excerpt":{"rendered":"<p>2 \u2013 Trata | Repara<br \/>\nCont. 15 ml.<\/p>\n<p>Enciende Tu Piel, dej\u00e1ndola m\u00e1s luminosa con Vitamina C estabilizada con oro.<\/p>\n","protected":false},"featured_media":2353,"comment_status":"open","ping_status":"closed","template":"","meta":[],"product_cat":[126,129,112,54],"product_tag":[177,172,168,179,167,165,170,171,166,164],"class_list":{"0":"post-2297","1":"product","2":"type-product","3":"status-publish","4":"has-post-thumbnail","6":"product_cat-anti-edad","7":"product_cat-contorno-de-ojos-anti-edad-cuidado-facial","8":"product_cat-cuidado-facial","9":"product_cat-murad","10":"product_tag-anti-edad","11":"product_tag-dia-noche","12":"product_tag-grasa","13":"product_tag-manchas","14":"product_tag-mixta","15":"product_tag-normal","16":"product_tag-piel-joven","17":"product_tag-piel-madura","18":"product_tag-seca","19":"product_tag-sensible","21":"first","22":"outofstock","23":"shipping-taxable","24":"purchasable","25":"product-type-simple"},"_links":{"self":[{"href":"https:\/\/www.spaoneandonly.cl\/productos\/wp-json\/wp\/v2\/product\/2297","targetHints":{"allow":["GET"]}}],"collection":[{"href":"https:\/\/www.spaoneandonly.cl\/productos\/wp-json\/wp\/v2\/product"}],"about":[{"href":"https:\/\/www.spaoneandonly.cl\/productos\/wp-json\/wp\/v2\/types\/product"}],"replies":[{"embeddable":true,"href":"https:\/\/www.spaoneandonly.cl\/productos\/wp-json\/wp\/v2\/comments?post=2297"}],"wp:featuredmedia":[{"embeddable":true,"href":"https:\/\/www.spaoneandonly.cl\/productos\/wp-json\/wp\/v2\/media\/2353"}],"wp:attachment":[{"href":"https:\/\/www.spaoneandonly.cl\/productos\/wp-json\/wp\/v2\/media?parent=2297"}],"wp:term":[{"taxonomy":"product_cat","embeddable":true,"href":"https:\/\/www.spaoneandonly.cl\/productos\/wp-json\/wp\/v2\/product_cat?post=2297"},{"taxonomy":"product_tag","embeddable":true,"href":"https:\/\/www.spaoneandonly.cl\/productos\/wp-json\/wp\/v2\/product_tag?post=2297"}],"curies":[{"name":"wp","href":"https:\/\/api.w.org\/{rel}","templated":true}]}}