{"id":2290,"date":"2023-07-17T17:22:17","date_gmt":"2023-07-17T21:22:17","guid":{"rendered":"https:\/\/www.spaoneandonly.cl\/productos\/?post_type=product&#038;p=2290"},"modified":"2026-01-07T13:55:03","modified_gmt":"2026-01-07T16:55:03","slug":"repair-night-progress-booster-50-ml","status":"publish","type":"product","link":"https:\/\/www.spaoneandonly.cl\/productos\/item\/repair-night-progress-booster-50-ml\/","title":{"rendered":"Repair Night Progress Booster"},"content":{"rendered":"<p>EL PODER REGENERADOR<br \/>\nCon efecto multiplicador que rejuvenece tu piel en 7 d\u00edas.<\/p>\n<p>El nuevo TIMEXPERT SRNS REPAIR NIGHT PROGRESS de Germaine de Capuccini re-evoluciona su f\u00f3rmula. El nuevo s\u00e9rum anti-edad incorpora un innovador ingrediente activo que multiplica por 8 el poder de absorci\u00f3n de tu piel. El s\u00e9rum penetra m\u00e1s profundamente y activa la capacidad de autoprotecci\u00f3n durante el d\u00eda y despliega todo su poder de regeneraci\u00f3n por la noche, actuando de forma sincronizada y consiguiendo as\u00ed resultados m\u00e1s visibles en menos tiempo.<\/p>\n<p>De noche, cuando duermes y mientras la piel est\u00e1 m\u00e1s receptiva, repara da\u00f1os, reactiva la regeneraci\u00f3n celular y rejuvenece tu piel.<br \/>\nDe d\u00eda aumenta la resistencia de las c\u00e9lulas frente al estr\u00e9s oxidativo y protege la piel defendi\u00e9ndola de agresiones externas.<\/p>\n<p>Indicado para:<br \/>\nTodo tipo de pieles y todas las edades.<\/p>\n<p>Aplicaci\u00f3n:<br \/>\nCon la piel limpia, aplicar ma\u00f1ana y noche unas gotas de Repair Night Progress sobre el rostro y cuello y masajear. A continuaci\u00f3n, aplicar la Crema Recuperadora Intensiva de d\u00eda y por la noche la Crema Confort Alta Recuperaci\u00f3n.<\/p>\n<p>Resultados:<br \/>\nPiel descansada, luminosa, con mayor volumen y visiblemente rejuvenecida en 7 d\u00edas.<\/p>\n<p>F\u00f3rmula:<br \/>\nCompuesta por el revolucionario activo Zinc-Glycine Complex, RC-Advanced y otros ingredientes fundamentales como Activador del Col\u00e1geno de alta pureza, Col\u00e1geno Nativo Soluble, \u00c1cido Hialur\u00f3nico de alto y bajo peso molecular, Ceramidas, ingredientes nanoemulsionados como Complejo Multivitam\u00ednico, Vitamina C, Extracto de la ra\u00edz de Potentilla Electa, Extracto de Prunus Persicae y un poderoso complejo a base de 7 extractos vegetales que calman de forma inmediata los s\u00edntomas de irritaci\u00f3n y falta de confort en la piel.<\/p>\n","protected":false},"excerpt":{"rendered":"<p>Cont. 50 ml.<\/p>\n<p>Booster Recuperador Sincronizado con 22 ingredientes activos.<\/p>\n","protected":false},"featured_media":2357,"comment_status":"open","ping_status":"closed","template":"","meta":[],"product_cat":[126,112,127,16],"product_tag":[177,168,167,178,165,170,171,166,164],"class_list":{"0":"post-2290","1":"product","2":"type-product","3":"status-publish","4":"has-post-thumbnail","6":"product_cat-anti-edad","7":"product_cat-cuidado-facial","8":"product_cat-serums-anti-edad-cuidado-facial","9":"product_cat-germaine-de-capuccini","10":"product_tag-anti-edad","11":"product_tag-grasa","12":"product_tag-mixta","13":"product_tag-noche","14":"product_tag-normal","15":"product_tag-piel-joven","16":"product_tag-piel-madura","17":"product_tag-seca","18":"product_tag-sensible","20":"first","21":"outofstock","22":"shipping-taxable","23":"purchasable","24":"product-type-simple"},"_links":{"self":[{"href":"https:\/\/www.spaoneandonly.cl\/productos\/wp-json\/wp\/v2\/product\/2290","targetHints":{"allow":["GET"]}}],"collection":[{"href":"https:\/\/www.spaoneandonly.cl\/productos\/wp-json\/wp\/v2\/product"}],"about":[{"href":"https:\/\/www.spaoneandonly.cl\/productos\/wp-json\/wp\/v2\/types\/product"}],"replies":[{"embeddable":true,"href":"https:\/\/www.spaoneandonly.cl\/productos\/wp-json\/wp\/v2\/comments?post=2290"}],"wp:featuredmedia":[{"embeddable":true,"href":"https:\/\/www.spaoneandonly.cl\/productos\/wp-json\/wp\/v2\/media\/2357"}],"wp:attachment":[{"href":"https:\/\/www.spaoneandonly.cl\/productos\/wp-json\/wp\/v2\/media?parent=2290"}],"wp:term":[{"taxonomy":"product_cat","embeddable":true,"href":"https:\/\/www.spaoneandonly.cl\/productos\/wp-json\/wp\/v2\/product_cat?post=2290"},{"taxonomy":"product_tag","embeddable":true,"href":"https:\/\/www.spaoneandonly.cl\/productos\/wp-json\/wp\/v2\/product_tag?post=2290"}],"curies":[{"name":"wp","href":"https:\/\/api.w.org\/{rel}","templated":true}]}}