{"id":2267,"date":"2023-07-11T18:58:43","date_gmt":"2023-07-11T22:58:43","guid":{"rendered":"https:\/\/www.spaoneandonly.cl\/productos\/?post_type=product&#038;p=2267"},"modified":"2025-06-04T12:26:24","modified_gmt":"2025-06-04T16:26:24","slug":"vita-c-glycolic-brightening-serum","status":"publish","type":"product","link":"https:\/\/www.spaoneandonly.cl\/productos\/item\/vita-c-glycolic-brightening-serum\/","title":{"rendered":"Vita-C Glycolic Brightening Serum"},"content":{"rendered":"<p>Suero de Vitamina C y \u00c1cido Glic\u00f3lico estabilizado con oro para lograr una piel mucho m\u00e1s luminosa y saludable. <\/p>\n<p>INGREDIENTES<\/p>\n<p>&#8211; Vitamina C estabilizada con Oro. &#8211; Extracto Fito-luminiscente. &#8211; \u00c1cido Glic\u00f3lico.<br \/>\nMODO DE USO<\/p>\n<p>AM\/PM. Aplicar sobre el rostro, cuello y escote, espere un minuto para su m\u00e1xima absorci\u00f3n y contin\u00fae con el paso 3 hidratante.<\/p>\n","protected":false},"excerpt":{"rendered":"<p>Cont. 30 ml.<\/p>\n<p>Unifica el tono, aportando hidrataci\u00f3n y luminosidad.<\/p>\n","protected":false},"featured_media":2268,"comment_status":"open","ping_status":"closed","template":"","meta":[],"product_cat":[112,117,118,54],"product_tag":[177,172,168,167,165,170,171,166,164],"class_list":{"0":"post-2267","1":"product","2":"type-product","3":"status-publish","4":"has-post-thumbnail","6":"product_cat-cuidado-facial","7":"product_cat-hidratacion","8":"product_cat-serums-hidratacion","9":"product_cat-murad","10":"product_tag-anti-edad","11":"product_tag-dia-noche","12":"product_tag-grasa","13":"product_tag-mixta","14":"product_tag-normal","15":"product_tag-piel-joven","16":"product_tag-piel-madura","17":"product_tag-seca","18":"product_tag-sensible","20":"first","21":"outofstock","22":"shipping-taxable","23":"purchasable","24":"product-type-simple"},"_links":{"self":[{"href":"https:\/\/www.spaoneandonly.cl\/productos\/wp-json\/wp\/v2\/product\/2267","targetHints":{"allow":["GET"]}}],"collection":[{"href":"https:\/\/www.spaoneandonly.cl\/productos\/wp-json\/wp\/v2\/product"}],"about":[{"href":"https:\/\/www.spaoneandonly.cl\/productos\/wp-json\/wp\/v2\/types\/product"}],"replies":[{"embeddable":true,"href":"https:\/\/www.spaoneandonly.cl\/productos\/wp-json\/wp\/v2\/comments?post=2267"}],"wp:featuredmedia":[{"embeddable":true,"href":"https:\/\/www.spaoneandonly.cl\/productos\/wp-json\/wp\/v2\/media\/2268"}],"wp:attachment":[{"href":"https:\/\/www.spaoneandonly.cl\/productos\/wp-json\/wp\/v2\/media?parent=2267"}],"wp:term":[{"taxonomy":"product_cat","embeddable":true,"href":"https:\/\/www.spaoneandonly.cl\/productos\/wp-json\/wp\/v2\/product_cat?post=2267"},{"taxonomy":"product_tag","embeddable":true,"href":"https:\/\/www.spaoneandonly.cl\/productos\/wp-json\/wp\/v2\/product_tag?post=2267"}],"curies":[{"name":"wp","href":"https:\/\/api.w.org\/{rel}","templated":true}]}}