{"id":2259,"date":"2023-07-11T18:40:22","date_gmt":"2023-07-11T22:40:22","guid":{"rendered":"https:\/\/www.spaoneandonly.cl\/productos\/?post_type=product&#038;p=2259"},"modified":"2026-02-18T13:02:26","modified_gmt":"2026-02-18T16:02:26","slug":"phyto-a-brightening-treatment","status":"publish","type":"product","link":"https:\/\/www.spaoneandonly.cl\/productos\/item\/phyto-a-brightening-treatment\/","title":{"rendered":"Phyto A Brightening Treatment"},"content":{"rendered":"<p>Gel-crema hidratante y libre de aceite que calma y ayuda a corregir las pieles desbalanceadas para mejorar la luminosidad, la textura y el tono. <\/p>\n<p>&#8211; Ilumina mientras reduce las marcas post-imperfecciones<br \/>\n&#8211; Suaviza mientras mejora la textura de la piel \u00e1spera<br \/>\n&#8211; Aclara mientras reduce la grasa de la superficie que obstruye los poros<br \/>\n&#8211; Textura gel-crema ligera no grasa y de r\u00e1pida absorci\u00f3n<\/p>\n<p>USO: Aplicar 1 a 2 pulsaciones del producto sobre el rostro limpio, dos veces al d\u00eda.<br \/>\nPor la ma\u00f1ana, aplicar despu\u00e9s del antioxidante y continuar con un protector de amplio espectro SPF50+. Por la noche, aplicar despu\u00e9s de la limpieza facial.<\/p>\n<p>INGREDIENTES CLAVE<br \/>\n2% de Alfa Arbutina: Ayuda a iluminar la piel y mejorar la textura para un tono uniforme.<br \/>\n3% de \u00c1cido Azelaico: Reduce la hiperpigmentaci\u00f3n post-inflamatoria.<br \/>\n5,75% Extractos Bot\u00e1nicos: Reduce y calma visiblemente las rojeces.<\/p>\n","protected":false},"excerpt":{"rendered":"<p>Cont. 30 ml.<\/p>\n<p>Calma y ayuda a corregir las pieles desbalanceadas<\/p>\n","protected":false},"featured_media":3109,"comment_status":"open","ping_status":"closed","template":"","meta":[],"product_cat":[126,119,128,112,117,27],"product_tag":[177,172,180,168,167,165,170,171,166,164],"class_list":{"0":"post-2259","1":"product","2":"type-product","3":"status-publish","4":"has-post-thumbnail","6":"product_cat-anti-edad","7":"product_cat-cremas-hidratacion","8":"product_cat-cremas-anti-edad-cuidado-facial","9":"product_cat-cuidado-facial","10":"product_cat-hidratacion","11":"product_cat-skinceuticals","12":"product_tag-anti-edad","13":"product_tag-dia-noche","14":"product_tag-femenino","15":"product_tag-grasa","16":"product_tag-mixta","17":"product_tag-normal","18":"product_tag-piel-joven","19":"product_tag-piel-madura","20":"product_tag-seca","21":"product_tag-sensible","23":"first","24":"instock","25":"shipping-taxable","26":"purchasable","27":"product-type-simple"},"_links":{"self":[{"href":"https:\/\/www.spaoneandonly.cl\/productos\/wp-json\/wp\/v2\/product\/2259","targetHints":{"allow":["GET"]}}],"collection":[{"href":"https:\/\/www.spaoneandonly.cl\/productos\/wp-json\/wp\/v2\/product"}],"about":[{"href":"https:\/\/www.spaoneandonly.cl\/productos\/wp-json\/wp\/v2\/types\/product"}],"replies":[{"embeddable":true,"href":"https:\/\/www.spaoneandonly.cl\/productos\/wp-json\/wp\/v2\/comments?post=2259"}],"wp:featuredmedia":[{"embeddable":true,"href":"https:\/\/www.spaoneandonly.cl\/productos\/wp-json\/wp\/v2\/media\/3109"}],"wp:attachment":[{"href":"https:\/\/www.spaoneandonly.cl\/productos\/wp-json\/wp\/v2\/media?parent=2259"}],"wp:term":[{"taxonomy":"product_cat","embeddable":true,"href":"https:\/\/www.spaoneandonly.cl\/productos\/wp-json\/wp\/v2\/product_cat?post=2259"},{"taxonomy":"product_tag","embeddable":true,"href":"https:\/\/www.spaoneandonly.cl\/productos\/wp-json\/wp\/v2\/product_tag?post=2259"}],"curies":[{"name":"wp","href":"https:\/\/api.w.org\/{rel}","templated":true}]}}