{"id":2252,"date":"2023-07-11T18:19:00","date_gmt":"2023-07-11T22:19:00","guid":{"rendered":"https:\/\/www.spaoneandonly.cl\/productos\/?post_type=product&#038;p=2252"},"modified":"2025-09-24T15:07:07","modified_gmt":"2025-09-24T18:07:07","slug":"mini-home-spray-black-cedar","status":"publish","type":"product","link":"https:\/\/www.spaoneandonly.cl\/productos\/item\/mini-home-spray-black-cedar\/","title":{"rendered":"Mini Home Spray Black Cedar"},"content":{"rendered":"<p>Ll\u00e9valo en tu bolso, cartera, auto y disfruta de una deliciosa fragancia en todas partes. Queda muy bien en textiles, \u00a1Pru\u00e9balo!<\/p>\n<p>Envase transparente PET de f\u00e1cil transporte.<br \/>\nUso: Ambiental y textil<\/p>\n<p>AROMA:<br \/>\n\u00b7 BLACK CEDAR  Terra<br \/>\nFragancia en base a Cedro, Menta y Cuero. Tiene car\u00e1cter. Aroma atrevido, consigue un aire de distinci\u00f3n de forma f\u00e1cil. Tiene fuerza, pero de forma delicada. Es \u00fanico.<\/p>\n","protected":false},"excerpt":{"rendered":"<p>Cont. 120 ml.<\/p>\n<p>Mini Home Spray para llevar tu aroma favorito donde quieras. <\/p>\n","protected":false},"featured_media":2253,"comment_status":"open","ping_status":"closed","template":"","meta":[],"product_cat":[157,156,99],"product_tag":[],"class_list":{"0":"post-2252","1":"product","2":"type-product","3":"status-publish","4":"has-post-thumbnail","6":"product_cat-aromatizadores-y-difusores","7":"product_cat-spa-en-casa","8":"product_cat-madison-y-co","10":"first","11":"outofstock","12":"shipping-taxable","13":"purchasable","14":"product-type-simple"},"_links":{"self":[{"href":"https:\/\/www.spaoneandonly.cl\/productos\/wp-json\/wp\/v2\/product\/2252","targetHints":{"allow":["GET"]}}],"collection":[{"href":"https:\/\/www.spaoneandonly.cl\/productos\/wp-json\/wp\/v2\/product"}],"about":[{"href":"https:\/\/www.spaoneandonly.cl\/productos\/wp-json\/wp\/v2\/types\/product"}],"replies":[{"embeddable":true,"href":"https:\/\/www.spaoneandonly.cl\/productos\/wp-json\/wp\/v2\/comments?post=2252"}],"wp:featuredmedia":[{"embeddable":true,"href":"https:\/\/www.spaoneandonly.cl\/productos\/wp-json\/wp\/v2\/media\/2253"}],"wp:attachment":[{"href":"https:\/\/www.spaoneandonly.cl\/productos\/wp-json\/wp\/v2\/media?parent=2252"}],"wp:term":[{"taxonomy":"product_cat","embeddable":true,"href":"https:\/\/www.spaoneandonly.cl\/productos\/wp-json\/wp\/v2\/product_cat?post=2252"},{"taxonomy":"product_tag","embeddable":true,"href":"https:\/\/www.spaoneandonly.cl\/productos\/wp-json\/wp\/v2\/product_tag?post=2252"}],"curies":[{"name":"wp","href":"https:\/\/api.w.org\/{rel}","templated":true}]}}