{"id":2248,"date":"2023-07-11T18:12:45","date_gmt":"2023-07-11T22:12:45","guid":{"rendered":"https:\/\/www.spaoneandonly.cl\/productos\/?post_type=product&#038;p=2248"},"modified":"2025-07-09T14:57:24","modified_gmt":"2025-07-09T18:57:24","slug":"mini-home-spray-ala-moana","status":"publish","type":"product","link":"https:\/\/www.spaoneandonly.cl\/productos\/item\/mini-home-spray-ala-moana\/","title":{"rendered":"Mini Home Spray Ala Moana"},"content":{"rendered":"<p>Ll\u00e9valo en tu bolso, cartera, auto y disfruta de una deliciosa fragancia en todas partes. Queda muy bien en textiles, \u00a1Pru\u00e9balo!<\/p>\n<p>Envase transparente PET de f\u00e1cil transporte.<br \/>\nUso: Ambiental y textil<\/p>\n<p>AROMA:<br \/>\n\u00b7 ALA MOANA  Suave<br \/>\nFragancia en base a Jazm\u00edn. Sensaci\u00f3n exquisita, sencilla y elegante. Es siempre acogedora. C\u00e1lida de naturaleza. Habla sin decir nada.<\/p>\n","protected":false},"excerpt":{"rendered":"<p>Cont. 120 ml.<\/p>\n<p>Mini Home Spray para llevar tu aroma favorito donde quieras. <\/p>\n","protected":false},"featured_media":2249,"comment_status":"open","ping_status":"closed","template":"","meta":[],"product_cat":[157,156,99],"product_tag":[],"class_list":{"0":"post-2248","1":"product","2":"type-product","3":"status-publish","4":"has-post-thumbnail","6":"product_cat-aromatizadores-y-difusores","7":"product_cat-spa-en-casa","8":"product_cat-madison-y-co","10":"first","11":"outofstock","12":"shipping-taxable","13":"purchasable","14":"product-type-simple"},"_links":{"self":[{"href":"https:\/\/www.spaoneandonly.cl\/productos\/wp-json\/wp\/v2\/product\/2248","targetHints":{"allow":["GET"]}}],"collection":[{"href":"https:\/\/www.spaoneandonly.cl\/productos\/wp-json\/wp\/v2\/product"}],"about":[{"href":"https:\/\/www.spaoneandonly.cl\/productos\/wp-json\/wp\/v2\/types\/product"}],"replies":[{"embeddable":true,"href":"https:\/\/www.spaoneandonly.cl\/productos\/wp-json\/wp\/v2\/comments?post=2248"}],"wp:featuredmedia":[{"embeddable":true,"href":"https:\/\/www.spaoneandonly.cl\/productos\/wp-json\/wp\/v2\/media\/2249"}],"wp:attachment":[{"href":"https:\/\/www.spaoneandonly.cl\/productos\/wp-json\/wp\/v2\/media?parent=2248"}],"wp:term":[{"taxonomy":"product_cat","embeddable":true,"href":"https:\/\/www.spaoneandonly.cl\/productos\/wp-json\/wp\/v2\/product_cat?post=2248"},{"taxonomy":"product_tag","embeddable":true,"href":"https:\/\/www.spaoneandonly.cl\/productos\/wp-json\/wp\/v2\/product_tag?post=2248"}],"curies":[{"name":"wp","href":"https:\/\/api.w.org\/{rel}","templated":true}]}}