{"id":2246,"date":"2023-07-11T18:08:04","date_gmt":"2023-07-11T22:08:04","guid":{"rendered":"https:\/\/www.spaoneandonly.cl\/productos\/?post_type=product&#038;p=2246"},"modified":"2024-10-07T18:22:00","modified_gmt":"2024-10-07T21:22:00","slug":"mini-home-spray-saint-sandal","status":"publish","type":"product","link":"https:\/\/www.spaoneandonly.cl\/productos\/item\/mini-home-spray-saint-sandal\/","title":{"rendered":"Mini Home Spray Saint Sandal"},"content":{"rendered":"<p>Ll\u00e9valo en tu bolso, cartera, auto y disfruta de una deliciosa fragancia en todas partes. Queda muy bien en textiles, \u00a1Pru\u00e9balo!<\/p>\n<p>Envase transparente PET de f\u00e1cil transporte.<br \/>\nUso: Ambiental y textil<\/p>\n<p>AROMA:<br \/>\n\u00b7 SAINT SANDAL  Terra<br \/>\nFragancia en base a S\u00e1ndalo. Aroma sensual. Llega a lo m\u00e1s profundo del sentimiento con ese toque ex\u00f3tico de la madera.<\/p>\n","protected":false},"excerpt":{"rendered":"<p>Cont. 120 ml.<\/p>\n<p>Mini Home Spray para llevar tu aroma favorito donde quieras. <\/p>\n","protected":false},"featured_media":2247,"comment_status":"open","ping_status":"closed","template":"","meta":[],"product_cat":[157,156,99],"product_tag":[],"class_list":{"0":"post-2246","1":"product","2":"type-product","3":"status-publish","4":"has-post-thumbnail","6":"product_cat-aromatizadores-y-difusores","7":"product_cat-spa-en-casa","8":"product_cat-madison-y-co","10":"first","11":"outofstock","12":"shipping-taxable","13":"purchasable","14":"product-type-simple"},"_links":{"self":[{"href":"https:\/\/www.spaoneandonly.cl\/productos\/wp-json\/wp\/v2\/product\/2246","targetHints":{"allow":["GET"]}}],"collection":[{"href":"https:\/\/www.spaoneandonly.cl\/productos\/wp-json\/wp\/v2\/product"}],"about":[{"href":"https:\/\/www.spaoneandonly.cl\/productos\/wp-json\/wp\/v2\/types\/product"}],"replies":[{"embeddable":true,"href":"https:\/\/www.spaoneandonly.cl\/productos\/wp-json\/wp\/v2\/comments?post=2246"}],"wp:featuredmedia":[{"embeddable":true,"href":"https:\/\/www.spaoneandonly.cl\/productos\/wp-json\/wp\/v2\/media\/2247"}],"wp:attachment":[{"href":"https:\/\/www.spaoneandonly.cl\/productos\/wp-json\/wp\/v2\/media?parent=2246"}],"wp:term":[{"taxonomy":"product_cat","embeddable":true,"href":"https:\/\/www.spaoneandonly.cl\/productos\/wp-json\/wp\/v2\/product_cat?post=2246"},{"taxonomy":"product_tag","embeddable":true,"href":"https:\/\/www.spaoneandonly.cl\/productos\/wp-json\/wp\/v2\/product_tag?post=2246"}],"curies":[{"name":"wp","href":"https:\/\/api.w.org\/{rel}","templated":true}]}}