{"id":2238,"date":"2023-07-10T18:35:38","date_gmt":"2023-07-10T22:35:38","guid":{"rendered":"https:\/\/www.spaoneandonly.cl\/productos\/?post_type=product&#038;p=2238"},"modified":"2025-12-09T14:37:01","modified_gmt":"2025-12-09T17:37:01","slug":"gel-desmaquillante-equilibrante","status":"publish","type":"product","link":"https:\/\/www.spaoneandonly.cl\/productos\/item\/gel-desmaquillante-equilibrante\/","title":{"rendered":"Gel Desmaquillante Equilibrante"},"content":{"rendered":"<p>Este gel desmaquillante, de textura fresca y transparente, se transforma, al entrar en contacto con el agua, en una cremosa espuma que penetra en profundidad liberando la epidermis de todas las impurezas, maquillaje y exceso de grasa, sin resecar. Perfecto equilibrio y pureza de la piel para una tez que muestra d\u00eda a d\u00eda su belleza natural: m\u00e1s clara y pura, y con un aspecto mate y refinado.<\/p>\n<p>\u2013 Elimina impurezas y normaliza la piel.<br \/>\n\u2013 Corrige el exceso de sebo para una piel sin imperfecciones.<br \/>\n\u2013 Aporta pureza y aspecto mate refinado.<br \/>\n\u2013 Piel fresca, clara y confortable.<br \/>\n\u2013 Sin alcohol. Libre de aceites.<\/p>\n<p>Indicado para: Pieles grasas y\/o mixtas.<\/p>\n<p>F\u00f3rmula: Extracto de Cimicifuga y Bisabolol. Libre de aceites, sin alcohol, dermatol\u00f3gicamente testado, libre de parabenes.<\/p>\n<p>Aplicaci\u00f3n: Aplicar sobre el rostro humedecido, masajear unos segundos por cara, cuello y escote, aclarar. <\/p>\n<p>Resultados: Corrige el exceso de sebo para una piel sin imperfecciones. Piel fresca, clara y confortable.<\/p>\n","protected":false},"excerpt":{"rendered":"<p>Elimina impurezas y normaliza el exceso de grasa.<\/p>\n<p>Cont. 200ml.<\/p>\n","protected":false},"featured_media":2239,"comment_status":"open","ping_status":"closed","template":"","meta":[],"product_cat":[112,113,114,16],"product_tag":[172,168,167,170,171,182],"class_list":{"0":"post-2238","1":"product","2":"type-product","3":"status-publish","4":"has-post-thumbnail","6":"product_cat-cuidado-facial","7":"product_cat-limpieza","8":"product_cat-tonicos-y-desmaquillantes","9":"product_cat-germaine-de-capuccini","10":"product_tag-dia-noche","11":"product_tag-grasa","12":"product_tag-mixta","13":"product_tag-piel-joven","14":"product_tag-piel-madura","15":"product_tag-poros","17":"first","18":"instock","19":"shipping-taxable","20":"purchasable","21":"product-type-simple"},"_links":{"self":[{"href":"https:\/\/www.spaoneandonly.cl\/productos\/wp-json\/wp\/v2\/product\/2238","targetHints":{"allow":["GET"]}}],"collection":[{"href":"https:\/\/www.spaoneandonly.cl\/productos\/wp-json\/wp\/v2\/product"}],"about":[{"href":"https:\/\/www.spaoneandonly.cl\/productos\/wp-json\/wp\/v2\/types\/product"}],"replies":[{"embeddable":true,"href":"https:\/\/www.spaoneandonly.cl\/productos\/wp-json\/wp\/v2\/comments?post=2238"}],"wp:featuredmedia":[{"embeddable":true,"href":"https:\/\/www.spaoneandonly.cl\/productos\/wp-json\/wp\/v2\/media\/2239"}],"wp:attachment":[{"href":"https:\/\/www.spaoneandonly.cl\/productos\/wp-json\/wp\/v2\/media?parent=2238"}],"wp:term":[{"taxonomy":"product_cat","embeddable":true,"href":"https:\/\/www.spaoneandonly.cl\/productos\/wp-json\/wp\/v2\/product_cat?post=2238"},{"taxonomy":"product_tag","embeddable":true,"href":"https:\/\/www.spaoneandonly.cl\/productos\/wp-json\/wp\/v2\/product_tag?post=2238"}],"curies":[{"name":"wp","href":"https:\/\/api.w.org\/{rel}","templated":true}]}}