{"id":2234,"date":"2023-07-10T18:19:05","date_gmt":"2023-07-10T22:19:05","guid":{"rendered":"https:\/\/www.spaoneandonly.cl\/productos\/?post_type=product&#038;p=2234"},"modified":"2024-11-08T23:36:52","modified_gmt":"2024-11-09T02:36:52","slug":"green-soul-scrub","status":"publish","type":"product","link":"https:\/\/www.spaoneandonly.cl\/productos\/item\/green-soul-scrub\/","title":{"rendered":"Green Soul Scrub"},"content":{"rendered":"<p>Incrementa la eficacia de tu tratamiento corporal y consigue una piel nueva con GREEN SOUL SCRUB.<\/p>\n<p>Un suave exfoliante con \u201calma verde\u201d, a base de Bamb\u00fa y T\u00e9 Verde y delicadas part\u00edculas exfoliantes naturales de Bamb\u00fa, que combina todo el poder ANTIOXIDANTE e HIDRATANTE de estos dos extractos naturales, con su acci\u00f3n renovadora.<\/p>\n<p>Un delicioso ritual para conseguir una piel suave, tersa y luminosa que cambiar\u00e1 tu manera de ver los exfoliantes<\/p>\n<p>Indicado para:<br \/>\nUna piel nueva, un cuerpo terso y juvenil.<\/p>\n<p>F\u00f3rmula: Extracto de Bamb\u00fa Koreano:<\/p>\n<p>Ayuda a proteger de los nefastos efectos generados por los radicales libres.<br \/>\nAporta gran luminosidad a la piel, mejorando discrom\u00edas e igualando el tono.<br \/>\nAceite de T\u00e9 Verde:<br \/>\nAyudar a proteger frente a la p\u00e9rdida de hidrataci\u00f3n.<\/p>\n<p>Aplicaci\u00f3n:<br \/>\nSe puede utilizar en seco o en mojado seg\u00fan la intensidad de exfoliaci\u00f3n deseada.<\/p>\n<p>Apto en pieles sensibles (empleo en h\u00famedo).<br \/>\nF\u00e1cil aclarado sin residuos.<\/p>\n","protected":false},"excerpt":{"rendered":"<p>Cont. 200 ml.<\/p>\n<p>Crema Exfoliante Corporal al T\u00e9 Verde y Bamb\u00fa<\/p>\n","protected":false},"featured_media":2235,"comment_status":"open","ping_status":"closed","template":"","meta":[],"product_cat":[143,144,16],"product_tag":[174,168,167,165,170,171,173,166,164],"class_list":{"0":"post-2234","1":"product","2":"type-product","3":"status-publish","4":"has-post-thumbnail","6":"product_cat-cuidado-cuerpo","7":"product_cat-exfoliantes-cuidado-cuerpo","8":"product_cat-germaine-de-capuccini","9":"product_tag-dia","10":"product_tag-grasa","11":"product_tag-mixta","12":"product_tag-normal","13":"product_tag-piel-joven","14":"product_tag-piel-madura","15":"product_tag-reafirmante","16":"product_tag-seca","17":"product_tag-sensible","19":"first","20":"outofstock","21":"shipping-taxable","22":"purchasable","23":"product-type-simple"},"_links":{"self":[{"href":"https:\/\/www.spaoneandonly.cl\/productos\/wp-json\/wp\/v2\/product\/2234","targetHints":{"allow":["GET"]}}],"collection":[{"href":"https:\/\/www.spaoneandonly.cl\/productos\/wp-json\/wp\/v2\/product"}],"about":[{"href":"https:\/\/www.spaoneandonly.cl\/productos\/wp-json\/wp\/v2\/types\/product"}],"replies":[{"embeddable":true,"href":"https:\/\/www.spaoneandonly.cl\/productos\/wp-json\/wp\/v2\/comments?post=2234"}],"wp:featuredmedia":[{"embeddable":true,"href":"https:\/\/www.spaoneandonly.cl\/productos\/wp-json\/wp\/v2\/media\/2235"}],"wp:attachment":[{"href":"https:\/\/www.spaoneandonly.cl\/productos\/wp-json\/wp\/v2\/media?parent=2234"}],"wp:term":[{"taxonomy":"product_cat","embeddable":true,"href":"https:\/\/www.spaoneandonly.cl\/productos\/wp-json\/wp\/v2\/product_cat?post=2234"},{"taxonomy":"product_tag","embeddable":true,"href":"https:\/\/www.spaoneandonly.cl\/productos\/wp-json\/wp\/v2\/product_tag?post=2234"}],"curies":[{"name":"wp","href":"https:\/\/api.w.org\/{rel}","templated":true}]}}