{"id":216,"date":"2013-01-06T11:19:56","date_gmt":"2013-01-06T14:19:56","guid":{"rendered":"http:\/\/flatsome.dev\/?post_type=product&#038;p=8277"},"modified":"2026-01-02T20:27:34","modified_gmt":"2026-01-02T23:27:34","slug":"almohadilla-de-cuarzo","status":"publish","type":"product","link":"https:\/\/www.spaoneandonly.cl\/productos\/item\/almohadilla-de-cuarzo\/","title":{"rendered":"Almohadilla de Cuarzo"},"content":{"rendered":"<p>La almohadilla de cuarzo es un acumulador energ\u00e9tico que protege, purifica y energiza. El cuarzo es un mineral sanador que canaliza energ\u00eda positiva. Absorbe la tensi\u00f3n, armoniza, desintoxica y promueve estados de descanso profundo.<\/p>\n<p>Tambi\u00e9n se utiliza para desarrollar la percepci\u00f3n y la intuici\u00f3n.<br \/>\n<strong>Medidas:<\/strong> 30 x20 cm, contiene una funda protectora lavable.<\/p>\n","protected":false},"excerpt":{"rendered":"<p>Almohadilla de Cuarzo<\/p>\n","protected":false},"featured_media":326,"comment_status":"open","ping_status":"closed","template":"","meta":[],"product_cat":[158,156,29],"product_tag":[],"class_list":{"0":"post-216","1":"product","2":"type-product","3":"status-publish","4":"has-post-thumbnail","6":"product_cat-almohadillas-y-guateros","7":"product_cat-spa-en-casa","8":"product_cat-one-only","10":"first","11":"outofstock","12":"shipping-taxable","13":"purchasable","14":"product-type-simple"},"_links":{"self":[{"href":"https:\/\/www.spaoneandonly.cl\/productos\/wp-json\/wp\/v2\/product\/216","targetHints":{"allow":["GET"]}}],"collection":[{"href":"https:\/\/www.spaoneandonly.cl\/productos\/wp-json\/wp\/v2\/product"}],"about":[{"href":"https:\/\/www.spaoneandonly.cl\/productos\/wp-json\/wp\/v2\/types\/product"}],"replies":[{"embeddable":true,"href":"https:\/\/www.spaoneandonly.cl\/productos\/wp-json\/wp\/v2\/comments?post=216"}],"wp:featuredmedia":[{"embeddable":true,"href":"https:\/\/www.spaoneandonly.cl\/productos\/wp-json\/wp\/v2\/media\/326"}],"wp:attachment":[{"href":"https:\/\/www.spaoneandonly.cl\/productos\/wp-json\/wp\/v2\/media?parent=216"}],"wp:term":[{"taxonomy":"product_cat","embeddable":true,"href":"https:\/\/www.spaoneandonly.cl\/productos\/wp-json\/wp\/v2\/product_cat?post=216"},{"taxonomy":"product_tag","embeddable":true,"href":"https:\/\/www.spaoneandonly.cl\/productos\/wp-json\/wp\/v2\/product_tag?post=216"}],"curies":[{"name":"wp","href":"https:\/\/api.w.org\/{rel}","templated":true}]}}