{"id":2120,"date":"2023-03-29T15:21:47","date_gmt":"2023-03-29T18:21:47","guid":{"rendered":"https:\/\/www.spaoneandonly.cl\/productos\/?post_type=product&#038;p=2120"},"modified":"2026-01-07T13:50:58","modified_gmt":"2026-01-07T16:50:58","slug":"triple-lipid-restore-242","status":"publish","type":"product","link":"https:\/\/www.spaoneandonly.cl\/productos\/item\/triple-lipid-restore-242\/","title":{"rendered":"Triple Lipid Restore 2:4:2"},"content":{"rendered":"<p>Beneficios:<\/p>\n<ul class=\"tabs-list\">\n<li>Mejora el volumen y le textura de la piel, as\u00ed como el aspecto de los poros.<\/li>\n<li>Permite conseguir una piel con aspecto uniforme y otorga luminosidad.<\/li>\n<li>Proporciona un aumento de la hidrataci\u00f3n en 24 horas, ideal para pieles secas.<\/li>\n<li>Combate la flaccidez, dejando una piel m\u00e1s firme.<\/li>\n<li>Sistema de estabilizaci\u00f3n \u00fanico, con una textura ligera y de r\u00e1pida absorci\u00f3n.<\/li>\n<\/ul>\n<p>&nbsp;<\/p>\n<p>Modo de uso:<\/p>\n<p>Aplicar una peque\u00f1a cantidad con movimientos circulares en rostro, cuello y escote, en la ma\u00f1ana y en la noche.<\/p>\n","protected":false},"excerpt":{"rendered":"<p>Crema antiedad formulada para restituir los l\u00edpidos de la piel y restablecer la barrera protectora e impulsando su regeneraci\u00f3n natural.<\/p>\n","protected":false},"featured_media":3135,"comment_status":"open","ping_status":"closed","template":"","meta":[],"product_cat":[126,119,128,112,117,185,27],"product_tag":[177,172,168,167,165,171,166,164],"class_list":{"0":"post-2120","1":"product","2":"type-product","3":"status-publish","4":"has-post-thumbnail","6":"product_cat-anti-edad","7":"product_cat-cremas-hidratacion","8":"product_cat-cremas-anti-edad-cuidado-facial","9":"product_cat-cuidado-facial","10":"product_cat-hidratacion","11":"product_cat-marcas","12":"product_cat-skinceuticals","13":"product_tag-anti-edad","14":"product_tag-dia-noche","15":"product_tag-grasa","16":"product_tag-mixta","17":"product_tag-normal","18":"product_tag-piel-madura","19":"product_tag-seca","20":"product_tag-sensible","22":"first","23":"outofstock","24":"sale","25":"shipping-taxable","26":"purchasable","27":"product-type-simple"},"_links":{"self":[{"href":"https:\/\/www.spaoneandonly.cl\/productos\/wp-json\/wp\/v2\/product\/2120","targetHints":{"allow":["GET"]}}],"collection":[{"href":"https:\/\/www.spaoneandonly.cl\/productos\/wp-json\/wp\/v2\/product"}],"about":[{"href":"https:\/\/www.spaoneandonly.cl\/productos\/wp-json\/wp\/v2\/types\/product"}],"replies":[{"embeddable":true,"href":"https:\/\/www.spaoneandonly.cl\/productos\/wp-json\/wp\/v2\/comments?post=2120"}],"wp:featuredmedia":[{"embeddable":true,"href":"https:\/\/www.spaoneandonly.cl\/productos\/wp-json\/wp\/v2\/media\/3135"}],"wp:attachment":[{"href":"https:\/\/www.spaoneandonly.cl\/productos\/wp-json\/wp\/v2\/media?parent=2120"}],"wp:term":[{"taxonomy":"product_cat","embeddable":true,"href":"https:\/\/www.spaoneandonly.cl\/productos\/wp-json\/wp\/v2\/product_cat?post=2120"},{"taxonomy":"product_tag","embeddable":true,"href":"https:\/\/www.spaoneandonly.cl\/productos\/wp-json\/wp\/v2\/product_tag?post=2120"}],"curies":[{"name":"wp","href":"https:\/\/api.w.org\/{rel}","templated":true}]}}