{"id":2039,"date":"2022-11-17T20:10:17","date_gmt":"2022-11-17T23:10:17","guid":{"rendered":"https:\/\/www.spaoneandonly.cl\/productos\/?post_type=product&#038;p=2039"},"modified":"2026-02-18T13:43:55","modified_gmt":"2026-02-18T16:43:55","slug":"shining-watery-cream-crema-facial","status":"publish","type":"product","link":"https:\/\/www.spaoneandonly.cl\/productos\/item\/shining-watery-cream-crema-facial\/","title":{"rendered":"Shining Watery Cream | Crema Facial"},"content":{"rendered":"<ul>\n<li>Textura suave y ligera<\/li>\n<li>No comedog\u00e9nica<\/li>\n<li>Suave aroma 100% natural a lemongrass<\/li>\n<li>Recomendada para todo tipo de pieles.<\/li>\n<\/ul>\n<p><strong>Ingredientes Esenciales<\/strong><\/p>\n<ul>\n<li><span style=\"text-decoration: underline\" data-sanitized-data-mce-style=\"text-decoration: underline;\">Phytocolageno<span data-sanitized-data-mce-fragment=\"1\">&#x2122;<\/span><\/span>: Amino\u00e1cidos esenciales de origen vegetal que regeneran la piel. Propiedades antiage.<\/li>\n<li>Escualeno vegano:\u00a0Protege la barrera cut\u00e1nea. Previene la p\u00e9rdida de agua. Mejora la flexibilidad de la piel.<\/li>\n<li>Algas Marinas: Aportan elasticidad, firmeza y suavidad. Retienen la humedad de la piel.<\/li>\n<li>Cal\u00e9ndula: Potente acci\u00f3n calmante y antiinflamatoria.<\/li>\n<li>Aloe Vera:\u00a0<span data-sanitized-data-mce-fragment=\"1\">Altamente hidratante. Controla la producci\u00f3n de sebo, regenera y refresca la piel.<\/span><\/li>\n<li>Vitamina E:\u00a0Gran poder antioxidante. Protege la piel de los radicales libres (mol\u00e9culas reactivas causantes del envejecimiento prematuro).<\/li>\n<\/ul>\n<p><strong>Modo de uso<\/strong><\/p>\n<p>AM \/ PM. Aplicar la crema en el rostro con movimientos circulares ascendentes, evitando el contorno de los ojos.<\/p>\n<p>&nbsp;<\/p>\n<p>50 ml<\/p>\n<h4><strong>Plant Based\u00a0\u00a0|\u00a0Vegan Friendly\u00a0| Cruelty Free |\u00a0Toxic Free<\/strong><\/h4>\n","protected":false},"excerpt":{"rendered":"<p><strong>Crema facial de hidrataci\u00f3n profunda AM \/ PM.\u00a0<\/strong><\/p>\n<p><span style=\"text-decoration: underline\" data-sanitized-data-mce-style=\"text-decoration: underline;\">Phytocolageno + Escualeno Vegano + Algas Marinas + Aloe Vera<\/span><\/p>\n<p>Combina potentes fitoactivos e ingredientes naturales que hidratan, nutren y calman la piel.<\/p>\n<p>Promueve la regeneraci\u00f3n,\u00a0minimiza l\u00edneas de expresi\u00f3n, aporta elasticidad y regula la producci\u00f3n de sebo.<\/p>\n","protected":false},"featured_media":3082,"comment_status":"open","ping_status":"closed","template":"","meta":[],"product_cat":[126,119,128,112,117,103],"product_tag":[177,172,180,168,167,165,170,171,166,164],"class_list":{"0":"post-2039","1":"product","2":"type-product","3":"status-publish","4":"has-post-thumbnail","6":"product_cat-anti-edad","7":"product_cat-cremas-hidratacion","8":"product_cat-cremas-anti-edad-cuidado-facial","9":"product_cat-cuidado-facial","10":"product_cat-hidratacion","11":"product_cat-nerea","12":"product_tag-anti-edad","13":"product_tag-dia-noche","14":"product_tag-femenino","15":"product_tag-grasa","16":"product_tag-mixta","17":"product_tag-normal","18":"product_tag-piel-joven","19":"product_tag-piel-madura","20":"product_tag-seca","21":"product_tag-sensible","23":"first","24":"instock","25":"shipping-taxable","26":"purchasable","27":"product-type-simple"},"_links":{"self":[{"href":"https:\/\/www.spaoneandonly.cl\/productos\/wp-json\/wp\/v2\/product\/2039","targetHints":{"allow":["GET"]}}],"collection":[{"href":"https:\/\/www.spaoneandonly.cl\/productos\/wp-json\/wp\/v2\/product"}],"about":[{"href":"https:\/\/www.spaoneandonly.cl\/productos\/wp-json\/wp\/v2\/types\/product"}],"replies":[{"embeddable":true,"href":"https:\/\/www.spaoneandonly.cl\/productos\/wp-json\/wp\/v2\/comments?post=2039"}],"wp:featuredmedia":[{"embeddable":true,"href":"https:\/\/www.spaoneandonly.cl\/productos\/wp-json\/wp\/v2\/media\/3082"}],"wp:attachment":[{"href":"https:\/\/www.spaoneandonly.cl\/productos\/wp-json\/wp\/v2\/media?parent=2039"}],"wp:term":[{"taxonomy":"product_cat","embeddable":true,"href":"https:\/\/www.spaoneandonly.cl\/productos\/wp-json\/wp\/v2\/product_cat?post=2039"},{"taxonomy":"product_tag","embeddable":true,"href":"https:\/\/www.spaoneandonly.cl\/productos\/wp-json\/wp\/v2\/product_tag?post=2039"}],"curies":[{"name":"wp","href":"https:\/\/api.w.org\/{rel}","templated":true}]}}