{"id":2030,"date":"2022-11-09T18:48:05","date_gmt":"2022-11-09T21:48:05","guid":{"rendered":"https:\/\/www.spaoneandonly.cl\/productos\/?post_type=product&#038;p=2030"},"modified":"2025-05-12T13:23:03","modified_gmt":"2025-05-12T17:23:03","slug":"vela-soja-natural-passion-fig-2","status":"publish","type":"product","link":"https:\/\/www.spaoneandonly.cl\/productos\/item\/vela-soja-natural-passion-fig-2\/","title":{"rendered":"Vela Soja Natural Passion Fig"},"content":{"rendered":"<div class=\"description\">\n<p>\u00b7 Color frasco: Transparente<br \/>\n\u00b7 Capacidad: 250 GRMS<br \/>\n\u00b7 Vela de cera de soja 100% natural<\/p>\n<p>Prende esta vela en tu rinc\u00f3n favorito y d\u00e9jate llevar por la incre\u00edble sensaci\u00f3n que te entrega su aroma.<br \/>\nNuestra inspiraci\u00f3n: Deliciosos productos que armonicen con la decoraci\u00f3n de tu hogar.<\/p>\n<p>Aromas: Lanzamos como primer aroma nuestro best seller.<\/p>\n<\/div>\n","protected":false},"excerpt":{"rendered":"<p><strong>\u00b7 PASSION FIG (Terra)<\/strong><br \/>\nFragancia en base a Higo.\u00a0Aroma sofisticado, con leves notas dulces.\u00a0Aporta un toque inesperado: fr\u00edo y c\u00e1lido a la vez.\u00a0Trasciende en el tiempo.<\/p>\n","protected":false},"featured_media":2032,"comment_status":"open","ping_status":"closed","template":"","meta":[],"product_cat":[156,159,99],"product_tag":[],"class_list":{"0":"post-2030","1":"product","2":"type-product","3":"status-publish","4":"has-post-thumbnail","6":"product_cat-spa-en-casa","7":"product_cat-velas","8":"product_cat-madison-y-co","10":"first","11":"outofstock","12":"shipping-taxable","13":"purchasable","14":"product-type-simple"},"_links":{"self":[{"href":"https:\/\/www.spaoneandonly.cl\/productos\/wp-json\/wp\/v2\/product\/2030","targetHints":{"allow":["GET"]}}],"collection":[{"href":"https:\/\/www.spaoneandonly.cl\/productos\/wp-json\/wp\/v2\/product"}],"about":[{"href":"https:\/\/www.spaoneandonly.cl\/productos\/wp-json\/wp\/v2\/types\/product"}],"replies":[{"embeddable":true,"href":"https:\/\/www.spaoneandonly.cl\/productos\/wp-json\/wp\/v2\/comments?post=2030"}],"wp:featuredmedia":[{"embeddable":true,"href":"https:\/\/www.spaoneandonly.cl\/productos\/wp-json\/wp\/v2\/media\/2032"}],"wp:attachment":[{"href":"https:\/\/www.spaoneandonly.cl\/productos\/wp-json\/wp\/v2\/media?parent=2030"}],"wp:term":[{"taxonomy":"product_cat","embeddable":true,"href":"https:\/\/www.spaoneandonly.cl\/productos\/wp-json\/wp\/v2\/product_cat?post=2030"},{"taxonomy":"product_tag","embeddable":true,"href":"https:\/\/www.spaoneandonly.cl\/productos\/wp-json\/wp\/v2\/product_tag?post=2030"}],"curies":[{"name":"wp","href":"https:\/\/api.w.org\/{rel}","templated":true}]}}