{"id":199,"date":"2013-07-06T11:02:20","date_gmt":"2013-07-06T15:02:20","guid":{"rendered":"http:\/\/flatsome.dev\/?post_type=product&#038;p=8268"},"modified":"2026-02-13T14:53:41","modified_gmt":"2026-02-13T17:53:41","slug":"almohadilla-de-lavanda","status":"publish","type":"product","link":"https:\/\/www.spaoneandonly.cl\/productos\/item\/almohadilla-de-lavanda\/","title":{"rendered":"Almohadilla de Lavanda"},"content":{"rendered":"<p>Tiene un efecto curativo con un aroma que relaja, armoniza y purifica. Limpia bloqueos emocionales, ayuda a pensar con m\u00e1s claridad y a conciliar el sue\u00f1o. Act\u00faa como relajante en el sistema nervioso central, disminuyendo el estr\u00e9s, la ansiedad y el insomnio.<br \/>\n<strong>Medidas:<\/strong> 23\u00d715,5 cm, contiene una funda protectora lavable.<\/p>\n","protected":false},"excerpt":{"rendered":"<p>La almohadilla de semillas de lavanda<\/p>\n","protected":false},"featured_media":324,"comment_status":"open","ping_status":"closed","template":"","meta":[],"product_cat":[158,156,29],"product_tag":[],"class_list":{"0":"post-199","1":"product","2":"type-product","3":"status-publish","4":"has-post-thumbnail","6":"product_cat-almohadillas-y-guateros","7":"product_cat-spa-en-casa","8":"product_cat-one-only","10":"first","11":"outofstock","12":"sale","13":"shipping-taxable","14":"purchasable","15":"product-type-simple"},"_links":{"self":[{"href":"https:\/\/www.spaoneandonly.cl\/productos\/wp-json\/wp\/v2\/product\/199","targetHints":{"allow":["GET"]}}],"collection":[{"href":"https:\/\/www.spaoneandonly.cl\/productos\/wp-json\/wp\/v2\/product"}],"about":[{"href":"https:\/\/www.spaoneandonly.cl\/productos\/wp-json\/wp\/v2\/types\/product"}],"replies":[{"embeddable":true,"href":"https:\/\/www.spaoneandonly.cl\/productos\/wp-json\/wp\/v2\/comments?post=199"}],"wp:featuredmedia":[{"embeddable":true,"href":"https:\/\/www.spaoneandonly.cl\/productos\/wp-json\/wp\/v2\/media\/324"}],"wp:attachment":[{"href":"https:\/\/www.spaoneandonly.cl\/productos\/wp-json\/wp\/v2\/media?parent=199"}],"wp:term":[{"taxonomy":"product_cat","embeddable":true,"href":"https:\/\/www.spaoneandonly.cl\/productos\/wp-json\/wp\/v2\/product_cat?post=199"},{"taxonomy":"product_tag","embeddable":true,"href":"https:\/\/www.spaoneandonly.cl\/productos\/wp-json\/wp\/v2\/product_tag?post=199"}],"curies":[{"name":"wp","href":"https:\/\/api.w.org\/{rel}","templated":true}]}}