{"id":198,"date":"2013-07-06T11:02:40","date_gmt":"2013-07-06T15:02:40","guid":{"rendered":"http:\/\/flatsome.dev\/?post_type=product&#038;p=8269"},"modified":"2026-04-24T20:42:03","modified_gmt":"2026-04-25T00:42:03","slug":"guatero-de-semillas","status":"publish","type":"product","link":"https:\/\/www.spaoneandonly.cl\/productos\/item\/guatero-de-semillas\/","title":{"rendered":"Guatero de Semillas"},"content":{"rendered":"<p>Se utiliza como una aplicaci\u00f3n de calor local para relajar y entregar alivio a las distintas partes del cuerpo, adapt\u00e1ndose c\u00f3modamente. Contiene trigo y lavanda en su interior.<\/p>\n<p>Su calor ayuda a combatir el relajamiento muscular, lumbago, la tendinitis, los c\u00f3licos y la artritis. Adem\u00e1s, alivia el dolor de o\u00eddos y de cuello, el dolor menstrual y el producido por desgarros y esguinces.<\/p>\n<p>Medida: 45\u00d715 cm, contiene una funda protectora lavable.<\/p>\n","protected":false},"excerpt":{"rendered":"<p>Guatero de Semillas<\/p>\n","protected":false},"featured_media":423,"comment_status":"open","ping_status":"closed","template":"","meta":[],"product_cat":[158,156,29],"product_tag":[],"class_list":{"0":"post-198","1":"product","2":"type-product","3":"status-publish","4":"has-post-thumbnail","6":"product_cat-almohadillas-y-guateros","7":"product_cat-spa-en-casa","8":"product_cat-one-only","10":"first","11":"instock","12":"shipping-taxable","13":"purchasable","14":"product-type-simple"},"_links":{"self":[{"href":"https:\/\/www.spaoneandonly.cl\/productos\/wp-json\/wp\/v2\/product\/198","targetHints":{"allow":["GET"]}}],"collection":[{"href":"https:\/\/www.spaoneandonly.cl\/productos\/wp-json\/wp\/v2\/product"}],"about":[{"href":"https:\/\/www.spaoneandonly.cl\/productos\/wp-json\/wp\/v2\/types\/product"}],"replies":[{"embeddable":true,"href":"https:\/\/www.spaoneandonly.cl\/productos\/wp-json\/wp\/v2\/comments?post=198"}],"wp:featuredmedia":[{"embeddable":true,"href":"https:\/\/www.spaoneandonly.cl\/productos\/wp-json\/wp\/v2\/media\/423"}],"wp:attachment":[{"href":"https:\/\/www.spaoneandonly.cl\/productos\/wp-json\/wp\/v2\/media?parent=198"}],"wp:term":[{"taxonomy":"product_cat","embeddable":true,"href":"https:\/\/www.spaoneandonly.cl\/productos\/wp-json\/wp\/v2\/product_cat?post=198"},{"taxonomy":"product_tag","embeddable":true,"href":"https:\/\/www.spaoneandonly.cl\/productos\/wp-json\/wp\/v2\/product_tag?post=198"}],"curies":[{"name":"wp","href":"https:\/\/api.w.org\/{rel}","templated":true}]}}