{"id":1765,"date":"2022-03-18T14:56:35","date_gmt":"2022-03-18T17:56:35","guid":{"rendered":"https:\/\/www.spaoneandonly.cl\/productos\/?post_type=product&#038;p=1765"},"modified":"2025-01-20T15:40:47","modified_gmt":"2025-01-20T18:40:47","slug":"rapid-dark-spot-correcting-serum","status":"publish","type":"product","link":"https:\/\/www.spaoneandonly.cl\/productos\/item\/rapid-dark-spot-correcting-serum\/","title":{"rendered":"Rapid Dark Spot Correcting Serum"},"content":{"rendered":"<p>Reduce r\u00e1pidamente la apariencia de las manchas oscuras sin una visita al m\u00e9dico. Este suero intensivo renueva las c\u00e9lulas de la superficie de la piel, dej\u00e1ndola m\u00e1s luminosa y uniforme.<\/p>\n<p><strong>\u00bfPara qu\u00e9 tipo de piel es bueno?<\/strong><\/p>\n<ul>\n<li>Normal<\/li>\n<li>Oleosa<\/li>\n<li>Mixta<\/li>\n<li>Seca<\/li>\n<\/ul>\n<h3><\/h3>\n","protected":false},"excerpt":{"rendered":"<p>Correcci\u00f3n de manchas oscuras para varios tipos de piel<\/p>\n<p>Reduce r\u00e1pidamente el aspecto de las manchas oscuras en 14 d\u00edas.<\/p>\n<p>30 ml.<\/p>\n","protected":false},"featured_media":1767,"comment_status":"open","ping_status":"closed","template":"","meta":[],"product_cat":[126,112,127,185,54],"product_tag":[172,179,167,165,170,171,166],"class_list":{"0":"post-1765","1":"product","2":"type-product","3":"status-publish","4":"has-post-thumbnail","6":"product_cat-anti-edad","7":"product_cat-cuidado-facial","8":"product_cat-serums-anti-edad-cuidado-facial","9":"product_cat-marcas","10":"product_cat-murad","11":"product_tag-dia-noche","12":"product_tag-manchas","13":"product_tag-mixta","14":"product_tag-normal","15":"product_tag-piel-joven","16":"product_tag-piel-madura","17":"product_tag-seca","19":"first","20":"outofstock","21":"shipping-taxable","22":"purchasable","23":"product-type-simple"},"_links":{"self":[{"href":"https:\/\/www.spaoneandonly.cl\/productos\/wp-json\/wp\/v2\/product\/1765","targetHints":{"allow":["GET"]}}],"collection":[{"href":"https:\/\/www.spaoneandonly.cl\/productos\/wp-json\/wp\/v2\/product"}],"about":[{"href":"https:\/\/www.spaoneandonly.cl\/productos\/wp-json\/wp\/v2\/types\/product"}],"replies":[{"embeddable":true,"href":"https:\/\/www.spaoneandonly.cl\/productos\/wp-json\/wp\/v2\/comments?post=1765"}],"wp:featuredmedia":[{"embeddable":true,"href":"https:\/\/www.spaoneandonly.cl\/productos\/wp-json\/wp\/v2\/media\/1767"}],"wp:attachment":[{"href":"https:\/\/www.spaoneandonly.cl\/productos\/wp-json\/wp\/v2\/media?parent=1765"}],"wp:term":[{"taxonomy":"product_cat","embeddable":true,"href":"https:\/\/www.spaoneandonly.cl\/productos\/wp-json\/wp\/v2\/product_cat?post=1765"},{"taxonomy":"product_tag","embeddable":true,"href":"https:\/\/www.spaoneandonly.cl\/productos\/wp-json\/wp\/v2\/product_tag?post=1765"}],"curies":[{"name":"wp","href":"https:\/\/api.w.org\/{rel}","templated":true}]}}