{"id":1661,"date":"2021-10-08T01:05:43","date_gmt":"2021-10-08T04:05:43","guid":{"rendered":"https:\/\/www.spaoneandonly.cl\/productos\/?post_type=product&#038;p=1661"},"modified":"2025-11-05T15:48:18","modified_gmt":"2025-11-05T18:48:18","slug":"crema-global-arrugas-rich","status":"publish","type":"product","link":"https:\/\/www.spaoneandonly.cl\/productos\/item\/crema-global-arrugas-rich\/","title":{"rendered":"Crema Global Arrugas Rich"},"content":{"rendered":"<p>El NUEVO tratamiento anti-arrugas que disminuye y refuerza la estructura de la piel. Consigue m\u00e1s firmeza, dej\u00e1ndola m\u00e1s lisa, re-densificada, y con aspecto relajado.<\/p>\n<p>La mejor crema de uso diario contra las arrugas, din\u00e1micas y est\u00e1ticas con doble estrategia alisadora.<\/p>\n","protected":false},"excerpt":{"rendered":"<p>Cont. 50 ml.<\/p>\n<p>Acci\u00f3n eficaz contra los signos m\u00e1s visibles de la edad<\/p>\n","protected":false},"featured_media":1662,"comment_status":"open","ping_status":"closed","template":"","meta":[],"product_cat":[126,128,112,16],"product_tag":[177,172,171,166],"class_list":{"0":"post-1661","1":"product","2":"type-product","3":"status-publish","4":"has-post-thumbnail","6":"product_cat-anti-edad","7":"product_cat-cremas-anti-edad-cuidado-facial","8":"product_cat-cuidado-facial","9":"product_cat-germaine-de-capuccini","10":"product_tag-anti-edad","11":"product_tag-dia-noche","12":"product_tag-piel-madura","13":"product_tag-seca","15":"first","16":"outofstock","17":"shipping-taxable","18":"purchasable","19":"product-type-simple"},"_links":{"self":[{"href":"https:\/\/www.spaoneandonly.cl\/productos\/wp-json\/wp\/v2\/product\/1661","targetHints":{"allow":["GET"]}}],"collection":[{"href":"https:\/\/www.spaoneandonly.cl\/productos\/wp-json\/wp\/v2\/product"}],"about":[{"href":"https:\/\/www.spaoneandonly.cl\/productos\/wp-json\/wp\/v2\/types\/product"}],"replies":[{"embeddable":true,"href":"https:\/\/www.spaoneandonly.cl\/productos\/wp-json\/wp\/v2\/comments?post=1661"}],"wp:featuredmedia":[{"embeddable":true,"href":"https:\/\/www.spaoneandonly.cl\/productos\/wp-json\/wp\/v2\/media\/1662"}],"wp:attachment":[{"href":"https:\/\/www.spaoneandonly.cl\/productos\/wp-json\/wp\/v2\/media?parent=1661"}],"wp:term":[{"taxonomy":"product_cat","embeddable":true,"href":"https:\/\/www.spaoneandonly.cl\/productos\/wp-json\/wp\/v2\/product_cat?post=1661"},{"taxonomy":"product_tag","embeddable":true,"href":"https:\/\/www.spaoneandonly.cl\/productos\/wp-json\/wp\/v2\/product_tag?post=1661"}],"curies":[{"name":"wp","href":"https:\/\/api.w.org\/{rel}","templated":true}]}}