{"id":1623,"date":"2021-08-17T23:04:05","date_gmt":"2021-08-18T03:04:05","guid":{"rendered":"https:\/\/www.spaoneandonly.cl\/productos\/?post_type=product&#038;p=1623"},"modified":"2026-04-01T15:38:43","modified_gmt":"2026-04-01T18:38:43","slug":"aromatizador-energetico-100-ml","status":"publish","type":"product","link":"https:\/\/www.spaoneandonly.cl\/productos\/item\/aromatizador-energetico-100-ml\/","title":{"rendered":"Aromatizador Energ\u00e9tico &#8211; 100 ml"},"content":{"rendered":"<p>Spray arom\u00e1tico que ayuda a mejorar el estado an\u00edmico. Principalmente entrega energ\u00eda.<br \/>\nEst\u00e1 hecho a base de aceites esenciales como lo son la naranja, el lim\u00f3n, el romero y la bergamota. Potenciado al mismo tiempo con flores de Bach, que hace de este aromatizador tu complemento perfecto a la hora de querer energizarte.<\/p>\n","protected":false},"excerpt":{"rendered":"<p>Cont. 100 ml<\/p>\n","protected":false},"featured_media":1624,"comment_status":"open","ping_status":"closed","template":"","meta":[],"product_cat":[157,156,29],"product_tag":[],"class_list":{"0":"post-1623","1":"product","2":"type-product","3":"status-publish","4":"has-post-thumbnail","6":"product_cat-aromatizadores-y-difusores","7":"product_cat-spa-en-casa","8":"product_cat-one-only","10":"first","11":"instock","12":"shipping-taxable","13":"purchasable","14":"product-type-simple"},"_links":{"self":[{"href":"https:\/\/www.spaoneandonly.cl\/productos\/wp-json\/wp\/v2\/product\/1623","targetHints":{"allow":["GET"]}}],"collection":[{"href":"https:\/\/www.spaoneandonly.cl\/productos\/wp-json\/wp\/v2\/product"}],"about":[{"href":"https:\/\/www.spaoneandonly.cl\/productos\/wp-json\/wp\/v2\/types\/product"}],"replies":[{"embeddable":true,"href":"https:\/\/www.spaoneandonly.cl\/productos\/wp-json\/wp\/v2\/comments?post=1623"}],"wp:featuredmedia":[{"embeddable":true,"href":"https:\/\/www.spaoneandonly.cl\/productos\/wp-json\/wp\/v2\/media\/1624"}],"wp:attachment":[{"href":"https:\/\/www.spaoneandonly.cl\/productos\/wp-json\/wp\/v2\/media?parent=1623"}],"wp:term":[{"taxonomy":"product_cat","embeddable":true,"href":"https:\/\/www.spaoneandonly.cl\/productos\/wp-json\/wp\/v2\/product_cat?post=1623"},{"taxonomy":"product_tag","embeddable":true,"href":"https:\/\/www.spaoneandonly.cl\/productos\/wp-json\/wp\/v2\/product_tag?post=1623"}],"curies":[{"name":"wp","href":"https:\/\/api.w.org\/{rel}","templated":true}]}}