{"id":1584,"date":"2021-06-30T17:28:16","date_gmt":"2021-06-30T21:28:16","guid":{"rendered":"https:\/\/www.spaoneandonly.cl\/productos\/?post_type=product&#038;p=1584"},"modified":"2026-04-13T12:56:13","modified_gmt":"2026-04-13T16:56:13","slug":"difusor-en-varitas-color-ambar-tropical-chic-250ml","status":"publish","type":"product","link":"https:\/\/www.spaoneandonly.cl\/productos\/item\/difusor-en-varitas-color-ambar-tropical-chic-250ml\/","title":{"rendered":"Difusor en Varitas Tropical Chic &#8211; 250 ml"},"content":{"rendered":"<p>Ic\u00f3nico Difusor Varitas aporta un delicioso aroma en tus espacios y es un excelente complemento decorativo.<\/p>\n<p>Adem\u00e1s, es de f\u00e1cil uso. Solo debes retirar el tope de seguridad, agregar el set de varitas que viene incluido y quedar\u00e1 funcionando.<\/p>\n<p>Para un mejor funcionamiento, te recomendamos dar vuelta el set de varitas 3 veces por semana.<\/p>\n<p>250 ml<\/p>\n<p>*El color puede variar (ambar, negro o transparente).<\/p>\n","protected":false},"excerpt":{"rendered":"<p>\u00b7 TROPICAL CHIC  Suave<br \/>\nFragancia en base a Flor de loto. Eleva tus sentidos y luego te relaja. Aroma precioso, opulento y siempre alegre. Baila con aires c\u00e1lidos de verano.<\/p>\n","protected":false},"featured_media":1716,"comment_status":"open","ping_status":"closed","template":"","meta":[],"product_cat":[157,156,99],"product_tag":[],"class_list":{"0":"post-1584","1":"product","2":"type-product","3":"status-publish","4":"has-post-thumbnail","6":"product_cat-aromatizadores-y-difusores","7":"product_cat-spa-en-casa","8":"product_cat-madison-y-co","10":"first","11":"outofstock","12":"shipping-taxable","13":"purchasable","14":"product-type-simple"},"_links":{"self":[{"href":"https:\/\/www.spaoneandonly.cl\/productos\/wp-json\/wp\/v2\/product\/1584","targetHints":{"allow":["GET"]}}],"collection":[{"href":"https:\/\/www.spaoneandonly.cl\/productos\/wp-json\/wp\/v2\/product"}],"about":[{"href":"https:\/\/www.spaoneandonly.cl\/productos\/wp-json\/wp\/v2\/types\/product"}],"replies":[{"embeddable":true,"href":"https:\/\/www.spaoneandonly.cl\/productos\/wp-json\/wp\/v2\/comments?post=1584"}],"wp:featuredmedia":[{"embeddable":true,"href":"https:\/\/www.spaoneandonly.cl\/productos\/wp-json\/wp\/v2\/media\/1716"}],"wp:attachment":[{"href":"https:\/\/www.spaoneandonly.cl\/productos\/wp-json\/wp\/v2\/media?parent=1584"}],"wp:term":[{"taxonomy":"product_cat","embeddable":true,"href":"https:\/\/www.spaoneandonly.cl\/productos\/wp-json\/wp\/v2\/product_cat?post=1584"},{"taxonomy":"product_tag","embeddable":true,"href":"https:\/\/www.spaoneandonly.cl\/productos\/wp-json\/wp\/v2\/product_tag?post=1584"}],"curies":[{"name":"wp","href":"https:\/\/api.w.org\/{rel}","templated":true}]}}