{"id":1042,"date":"2020-07-14T18:19:19","date_gmt":"2020-07-14T22:19:19","guid":{"rendered":"https:\/\/www.spaoneandonly.cl\/productos\/?post_type=product&#038;p=1042"},"modified":"2025-04-09T16:30:59","modified_gmt":"2025-04-09T20:30:59","slug":"aceite-para-masaje-con-calendula","status":"publish","type":"product","link":"https:\/\/www.spaoneandonly.cl\/productos\/item\/aceite-para-masaje-con-calendula\/","title":{"rendered":"Aceite para Masaje con Cal\u00e9ndula"},"content":{"rendered":"<p>La cal\u00e9ndula y la manzanilla le regalan sus aceites esenciales a tu piel mientras tu cuerpo cansado disfruta de la relajaci\u00f3n del masaje. Nuestro Aceite natural de Cal\u00e9ndula es ideal para un masaje que alivia y relaja los m\u00fasculos al tiempo que suaviza, calma y nutre la piel sensible incluso en personas postradas que tienen escaras.<\/p>\n","protected":false},"excerpt":{"rendered":"<p>Cont. 100 ml.<\/p>\n<p>Aceite para masaje<\/p>\n","protected":false},"featured_media":3049,"comment_status":"open","ping_status":"closed","template":"","meta":[],"product_cat":[145,161,143,156,92],"product_tag":[],"class_list":{"0":"post-1042","1":"product","2":"type-product","3":"status-publish","4":"has-post-thumbnail","6":"product_cat-aceites-y-cremas","7":"product_cat-aceites-y-cremas-spa-en-casa","8":"product_cat-cuidado-cuerpo","9":"product_cat-spa-en-casa","10":"product_cat-weleda","12":"first","13":"outofstock","14":"shipping-taxable","15":"purchasable","16":"product-type-simple"},"_links":{"self":[{"href":"https:\/\/www.spaoneandonly.cl\/productos\/wp-json\/wp\/v2\/product\/1042","targetHints":{"allow":["GET"]}}],"collection":[{"href":"https:\/\/www.spaoneandonly.cl\/productos\/wp-json\/wp\/v2\/product"}],"about":[{"href":"https:\/\/www.spaoneandonly.cl\/productos\/wp-json\/wp\/v2\/types\/product"}],"replies":[{"embeddable":true,"href":"https:\/\/www.spaoneandonly.cl\/productos\/wp-json\/wp\/v2\/comments?post=1042"}],"wp:featuredmedia":[{"embeddable":true,"href":"https:\/\/www.spaoneandonly.cl\/productos\/wp-json\/wp\/v2\/media\/3049"}],"wp:attachment":[{"href":"https:\/\/www.spaoneandonly.cl\/productos\/wp-json\/wp\/v2\/media?parent=1042"}],"wp:term":[{"taxonomy":"product_cat","embeddable":true,"href":"https:\/\/www.spaoneandonly.cl\/productos\/wp-json\/wp\/v2\/product_cat?post=1042"},{"taxonomy":"product_tag","embeddable":true,"href":"https:\/\/www.spaoneandonly.cl\/productos\/wp-json\/wp\/v2\/product_tag?post=1042"}],"curies":[{"name":"wp","href":"https:\/\/api.w.org\/{rel}","templated":true}]}}